{"id":87433,"date":"2023-07-11T06:45:06","date_gmt":"2023-07-11T06:45:06","guid":{"rendered":"https:\/\/rubis.ee\/?post_type=product&#038;p=87433"},"modified":"2023-10-23T10:48:07","modified_gmt":"2023-10-23T10:48:07","slug":"pintsett-evolution-gold","status":"publish","type":"product","link":"https:\/\/rubis.ee\/en\/toode\/pintsett-evolution-gold\/","title":{"rendered":"Pintsett Evolution Gold"},"content":{"rendered":"<h4>Pintsett Evolution Gold kuulub Rubise kuldkollektsiooni. Pintsett on valmistatud roostevabast kirurgilisest terasest ja on \u00fclekullatud 240ct kullaga. Pintsett paistab silma oma elegantse disaini, kvaliteedi ja t\u00e4psuse poolest. Rubis Evolution sarja pintsettidel on nii terav kui ka kaldus ots \u00fcheskoos, mis tagab nii sissekasvanud kui ka tavaliste karvade efektiivset eemaldamist.<\/h4>\n<h4>K\u00f5ik Rubise pintsetid on k\u00e4sitsi valmistatud ja\u00a0 vastupidavad. Iga kord peale kasutamist soovitame kasutada kaasasolevat kaitsekorki, sest pintsettide maha kukkumine k\u00f5vale pinnale v\u00f5ib kahjustada nende funktsionaalsust.<\/h4>\n<h4><\/h4>\n","protected":false},"excerpt":{"rendered":"<p>Pintsett Evolution Gold kuulub Rubise kuldkollektsiooni. Pintsett on valmistatud roostevabast kirurgilisest terasest ja on \u00fclekullatud 240ct kullaga. Pintsett paistab silma oma elegantse disaini, kvaliteedi ja t\u00e4psuse poolest. Rubis Evolution sarja pintsettidel on nii terav kui ka kaldus ots \u00fcheskoos, mis tagab nii sissekasvanud kui ka tavaliste karvade efektiivset eemaldamist. K\u00f5ik Rubise pintsetid on k\u00e4sitsi valmistatud [&hellip;]<\/p>\n","protected":false},"featured_media":87753,"comment_status":"open","ping_status":"closed","template":"","meta":{"inline_featured_image":false},"product_cat":[61,82,64,66],"product_tag":[],"yoast_head":"<!-- This site is optimized with the Yoast SEO plugin v23.0 - https:\/\/yoast.com\/wordpress\/plugins\/seo\/ -->\n<title>Pintsett Evolution Gold - My CMS<\/title>\n<meta name=\"robots\" content=\"index, follow, max-snippet:-1, max-image-preview:large, max-video-preview:-1\" \/>\n<link rel=\"canonical\" href=\"https:\/\/rubis.ee\/toode\/pintsett-evolution-gold\/\" \/>\n<meta property=\"og:locale\" content=\"en_US\" \/>\n<meta property=\"og:type\" content=\"article\" \/>\n<meta property=\"og:title\" content=\"Pintsett Evolution Gold - My CMS\" \/>\n<meta property=\"og:description\" content=\"Pintsett Evolution Gold kuulub Rubise kuldkollektsiooni. Pintsett on valmistatud roostevabast kirurgilisest terasest ja on \u00fclekullatud 240ct kullaga. Pintsett paistab silma oma elegantse disaini, kvaliteedi ja t\u00e4psuse poolest. Rubis Evolution sarja pintsettidel on nii terav kui ka kaldus ots \u00fcheskoos, mis tagab nii sissekasvanud kui ka tavaliste karvade efektiivset eemaldamist. K\u00f5ik Rubise pintsetid on k\u00e4sitsi valmistatud [&hellip;]\" \/>\n<meta property=\"og:url\" content=\"https:\/\/rubis.ee\/toode\/pintsett-evolution-gold\/\" \/>\n<meta property=\"og:site_name\" content=\"My CMS\" \/>\n<meta property=\"article:modified_time\" content=\"2023-10-23T10:48:07+00:00\" \/>\n<meta property=\"og:image\" content=\"https:\/\/rubis.ee\/wp-content\/uploads\/2023\/07\/tweezer_1K903-scaled.jpg\" \/>\n\t<meta property=\"og:image:width\" content=\"2560\" \/>\n\t<meta property=\"og:image:height\" content=\"2560\" \/>\n\t<meta property=\"og:image:type\" content=\"image\/jpeg\" \/>\n<meta name=\"twitter:card\" content=\"summary_large_image\" \/>\n<meta name=\"twitter:label1\" content=\"Est. reading time\" \/>\n\t<meta name=\"twitter:data1\" content=\"1 minute\" \/>\n<script type=\"application\/ld+json\" class=\"yoast-schema-graph\">{\"@context\":\"https:\/\/schema.org\",\"@graph\":[{\"@type\":\"WebPage\",\"@id\":\"https:\/\/rubis.ee\/toode\/pintsett-evolution-gold\/\",\"url\":\"https:\/\/rubis.ee\/toode\/pintsett-evolution-gold\/\",\"name\":\"Pintsett Evolution Gold - My CMS\",\"isPartOf\":{\"@id\":\"https:\/\/rubis.ee\/en\/#website\"},\"primaryImageOfPage\":{\"@id\":\"https:\/\/rubis.ee\/toode\/pintsett-evolution-gold\/#primaryimage\"},\"image\":{\"@id\":\"https:\/\/rubis.ee\/toode\/pintsett-evolution-gold\/#primaryimage\"},\"thumbnailUrl\":\"https:\/\/rubis.ee\/wp-content\/uploads\/2023\/07\/tweezer_1K903-scaled.jpg\",\"datePublished\":\"2023-07-11T06:45:06+00:00\",\"dateModified\":\"2023-10-23T10:48:07+00:00\",\"breadcrumb\":{\"@id\":\"https:\/\/rubis.ee\/toode\/pintsett-evolution-gold\/#breadcrumb\"},\"inLanguage\":\"en-US\",\"potentialAction\":[{\"@type\":\"ReadAction\",\"target\":[\"https:\/\/rubis.ee\/toode\/pintsett-evolution-gold\/\"]}]},{\"@type\":\"ImageObject\",\"inLanguage\":\"en-US\",\"@id\":\"https:\/\/rubis.ee\/toode\/pintsett-evolution-gold\/#primaryimage\",\"url\":\"https:\/\/rubis.ee\/wp-content\/uploads\/2023\/07\/tweezer_1K903-scaled.jpg\",\"contentUrl\":\"https:\/\/rubis.ee\/wp-content\/uploads\/2023\/07\/tweezer_1K903-scaled.jpg\",\"width\":2560,\"height\":2560},{\"@type\":\"BreadcrumbList\",\"@id\":\"https:\/\/rubis.ee\/toode\/pintsett-evolution-gold\/#breadcrumb\",\"itemListElement\":[{\"@type\":\"ListItem\",\"position\":1,\"name\":\"Home\",\"item\":\"https:\/\/rubis.ee\/en\/\"},{\"@type\":\"ListItem\",\"position\":2,\"name\":\"Shop\",\"item\":\"https:\/\/rubis.ee\/en\/shop-2\/\"},{\"@type\":\"ListItem\",\"position\":3,\"name\":\"Pintsett Evolution Gold\"}]},{\"@type\":\"WebSite\",\"@id\":\"https:\/\/rubis.ee\/en\/#website\",\"url\":\"https:\/\/rubis.ee\/en\/\",\"name\":\"My CMS\",\"description\":\"Just another WordPress site\",\"publisher\":{\"@id\":\"https:\/\/rubis.ee\/en\/#organization\"},\"potentialAction\":[{\"@type\":\"SearchAction\",\"target\":{\"@type\":\"EntryPoint\",\"urlTemplate\":\"https:\/\/rubis.ee\/en\/?s={search_term_string}\"},\"query-input\":\"required name=search_term_string\"}],\"inLanguage\":\"en-US\"},{\"@type\":\"Organization\",\"@id\":\"https:\/\/rubis.ee\/en\/#organization\",\"name\":\"My CMS\",\"url\":\"https:\/\/rubis.ee\/en\/\",\"logo\":{\"@type\":\"ImageObject\",\"inLanguage\":\"en-US\",\"@id\":\"https:\/\/rubis.ee\/en\/#\/schema\/logo\/image\/\",\"url\":\"https:\/\/rubis.ee\/wp-content\/uploads\/2023\/09\/logo-7.svg\",\"contentUrl\":\"https:\/\/rubis.ee\/wp-content\/uploads\/2023\/09\/logo-7.svg\",\"caption\":\"My CMS\"},\"image\":{\"@id\":\"https:\/\/rubis.ee\/en\/#\/schema\/logo\/image\/\"}}]}<\/script>\n<!-- \/ Yoast SEO plugin. -->","yoast_head_json":{"title":"Pintsett Evolution Gold - My CMS","robots":{"index":"index","follow":"follow","max-snippet":"max-snippet:-1","max-image-preview":"max-image-preview:large","max-video-preview":"max-video-preview:-1"},"canonical":"https:\/\/rubis.ee\/toode\/pintsett-evolution-gold\/","og_locale":"en_US","og_type":"article","og_title":"Pintsett Evolution Gold - My CMS","og_description":"Pintsett Evolution Gold kuulub Rubise kuldkollektsiooni. Pintsett on valmistatud roostevabast kirurgilisest terasest ja on \u00fclekullatud 240ct kullaga. Pintsett paistab silma oma elegantse disaini, kvaliteedi ja t\u00e4psuse poolest. Rubis Evolution sarja pintsettidel on nii terav kui ka kaldus ots \u00fcheskoos, mis tagab nii sissekasvanud kui ka tavaliste karvade efektiivset eemaldamist. K\u00f5ik Rubise pintsetid on k\u00e4sitsi valmistatud [&hellip;]","og_url":"https:\/\/rubis.ee\/toode\/pintsett-evolution-gold\/","og_site_name":"My CMS","article_modified_time":"2023-10-23T10:48:07+00:00","og_image":[{"width":2560,"height":2560,"url":"https:\/\/rubis.ee\/wp-content\/uploads\/2023\/07\/tweezer_1K903-scaled.jpg","type":"image\/jpeg"}],"twitter_card":"summary_large_image","twitter_misc":{"Est. reading time":"1 minute"},"schema":{"@context":"https:\/\/schema.org","@graph":[{"@type":"WebPage","@id":"https:\/\/rubis.ee\/toode\/pintsett-evolution-gold\/","url":"https:\/\/rubis.ee\/toode\/pintsett-evolution-gold\/","name":"Pintsett Evolution Gold - My CMS","isPartOf":{"@id":"https:\/\/rubis.ee\/en\/#website"},"primaryImageOfPage":{"@id":"https:\/\/rubis.ee\/toode\/pintsett-evolution-gold\/#primaryimage"},"image":{"@id":"https:\/\/rubis.ee\/toode\/pintsett-evolution-gold\/#primaryimage"},"thumbnailUrl":"https:\/\/rubis.ee\/wp-content\/uploads\/2023\/07\/tweezer_1K903-scaled.jpg","datePublished":"2023-07-11T06:45:06+00:00","dateModified":"2023-10-23T10:48:07+00:00","breadcrumb":{"@id":"https:\/\/rubis.ee\/toode\/pintsett-evolution-gold\/#breadcrumb"},"inLanguage":"en-US","potentialAction":[{"@type":"ReadAction","target":["https:\/\/rubis.ee\/toode\/pintsett-evolution-gold\/"]}]},{"@type":"ImageObject","inLanguage":"en-US","@id":"https:\/\/rubis.ee\/toode\/pintsett-evolution-gold\/#primaryimage","url":"https:\/\/rubis.ee\/wp-content\/uploads\/2023\/07\/tweezer_1K903-scaled.jpg","contentUrl":"https:\/\/rubis.ee\/wp-content\/uploads\/2023\/07\/tweezer_1K903-scaled.jpg","width":2560,"height":2560},{"@type":"BreadcrumbList","@id":"https:\/\/rubis.ee\/toode\/pintsett-evolution-gold\/#breadcrumb","itemListElement":[{"@type":"ListItem","position":1,"name":"Home","item":"https:\/\/rubis.ee\/en\/"},{"@type":"ListItem","position":2,"name":"Shop","item":"https:\/\/rubis.ee\/en\/shop-2\/"},{"@type":"ListItem","position":3,"name":"Pintsett Evolution Gold"}]},{"@type":"WebSite","@id":"https:\/\/rubis.ee\/en\/#website","url":"https:\/\/rubis.ee\/en\/","name":"My CMS","description":"Just another WordPress site","publisher":{"@id":"https:\/\/rubis.ee\/en\/#organization"},"potentialAction":[{"@type":"SearchAction","target":{"@type":"EntryPoint","urlTemplate":"https:\/\/rubis.ee\/en\/?s={search_term_string}"},"query-input":"required name=search_term_string"}],"inLanguage":"en-US"},{"@type":"Organization","@id":"https:\/\/rubis.ee\/en\/#organization","name":"My CMS","url":"https:\/\/rubis.ee\/en\/","logo":{"@type":"ImageObject","inLanguage":"en-US","@id":"https:\/\/rubis.ee\/en\/#\/schema\/logo\/image\/","url":"https:\/\/rubis.ee\/wp-content\/uploads\/2023\/09\/logo-7.svg","contentUrl":"https:\/\/rubis.ee\/wp-content\/uploads\/2023\/09\/logo-7.svg","caption":"My CMS"},"image":{"@id":"https:\/\/rubis.ee\/en\/#\/schema\/logo\/image\/"}}]}},"_links":{"self":[{"href":"https:\/\/rubis.ee\/en\/wp-json\/wp\/v2\/product\/87433"}],"collection":[{"href":"https:\/\/rubis.ee\/en\/wp-json\/wp\/v2\/product"}],"about":[{"href":"https:\/\/rubis.ee\/en\/wp-json\/wp\/v2\/types\/product"}],"replies":[{"embeddable":true,"href":"https:\/\/rubis.ee\/en\/wp-json\/wp\/v2\/comments?post=87433"}],"wp:featuredmedia":[{"embeddable":true,"href":"https:\/\/rubis.ee\/en\/wp-json\/wp\/v2\/media\/87753"}],"wp:attachment":[{"href":"https:\/\/rubis.ee\/en\/wp-json\/wp\/v2\/media?parent=87433"}],"wp:term":[{"taxonomy":"product_cat","embeddable":true,"href":"https:\/\/rubis.ee\/en\/wp-json\/wp\/v2\/product_cat?post=87433"},{"taxonomy":"product_tag","embeddable":true,"href":"https:\/\/rubis.ee\/en\/wp-json\/wp\/v2\/product_tag?post=87433"}],"curies":[{"name":"wp","href":"https:\/\/api.w.org\/{rel}","templated":true}]}}