{"id":87440,"date":"2023-07-11T06:46:17","date_gmt":"2023-07-11T06:46:17","guid":{"rendered":"https:\/\/rubis.ee\/?post_type=product&#038;p=87440"},"modified":"2023-10-23T11:35:25","modified_gmt":"2023-10-23T11:35:25","slug":"kaarid-colibri-gold","status":"publish","type":"product","link":"https:\/\/rubis.ee\/en\/toode\/kaarid-colibri-gold\/","title":{"rendered":"K\u00fc\u00fcnenahak\u00e4\u00e4rid Colibri Gold"},"content":{"rendered":"<h4>Rubis Colibri Gold k\u00e4\u00e4rid \u00fchendavad endas elegantse disaini ja ainulaadse kuju. \u00dclipeened kitsenevad kergelt kumerad otsad tagavad t\u00e4pse ja puhta l\u00f5ike. K\u00e4\u00e4rid on valmistatud kvaliteetsest roostevabast kirurgilisest terasest ja on kaetud 240ct kullaga. T\u00e4nu peenele kaardus otsale sobib k\u00fc\u00fcnenahkade l\u00f5ikamiseks. Kliendid on kasutanud ka k\u00fc\u00fcnek\u00e4\u00e4ridena, kulmukarvade l\u00f5ikamiseks kui ka peenema k\u00e4sit\u00f6\u00f6 tegemisel. Pikkus 90mm.<\/h4>\n","protected":false},"excerpt":{"rendered":"<p>Rubis Colibri Gold k\u00e4\u00e4rid \u00fchendavad endas elegantse disaini ja ainulaadse kuju. \u00dclipeened kitsenevad kergelt kumerad otsad tagavad t\u00e4pse ja puhta l\u00f5ike. K\u00e4\u00e4rid on valmistatud kvaliteetsest roostevabast kirurgilisest terasest ja on kaetud 240ct kullaga. T\u00e4nu peenele kaardus otsale sobib k\u00fc\u00fcnenahkade l\u00f5ikamiseks. Kliendid on kasutanud ka k\u00fc\u00fcnek\u00e4\u00e4ridena, kulmukarvade l\u00f5ikamiseks kui ka peenema k\u00e4sit\u00f6\u00f6 tegemisel. Pikkus 90mm.<\/p>\n","protected":false},"featured_media":87621,"comment_status":"open","ping_status":"closed","template":"","meta":{"inline_featured_image":false},"product_cat":[69,68,63,82,64],"product_tag":[],"yoast_head":"<!-- This site is optimized with the Yoast SEO plugin v23.0 - https:\/\/yoast.com\/wordpress\/plugins\/seo\/ -->\n<title>K\u00fc\u00fcnenahak\u00e4\u00e4rid Colibri Gold - My CMS<\/title>\n<meta name=\"robots\" content=\"index, follow, max-snippet:-1, max-image-preview:large, max-video-preview:-1\" \/>\n<link rel=\"canonical\" href=\"https:\/\/rubis.ee\/en\/toode\/kaarid-colibri-gold\/\" \/>\n<meta property=\"og:locale\" content=\"en_US\" \/>\n<meta property=\"og:type\" content=\"article\" \/>\n<meta property=\"og:title\" content=\"K\u00fc\u00fcnenahak\u00e4\u00e4rid Colibri Gold - My CMS\" \/>\n<meta property=\"og:description\" content=\"Rubis Colibri Gold k\u00e4\u00e4rid \u00fchendavad endas elegantse disaini ja ainulaadse kuju. \u00dclipeened kitsenevad kergelt kumerad otsad tagavad t\u00e4pse ja puhta l\u00f5ike. K\u00e4\u00e4rid on valmistatud kvaliteetsest roostevabast kirurgilisest terasest ja on kaetud 240ct kullaga. T\u00e4nu peenele kaardus otsale sobib k\u00fc\u00fcnenahkade l\u00f5ikamiseks. Kliendid on kasutanud ka k\u00fc\u00fcnek\u00e4\u00e4ridena, kulmukarvade l\u00f5ikamiseks kui ka peenema k\u00e4sit\u00f6\u00f6 tegemisel. Pikkus 90mm.\" \/>\n<meta property=\"og:url\" content=\"https:\/\/rubis.ee\/en\/toode\/kaarid-colibri-gold\/\" \/>\n<meta property=\"og:site_name\" content=\"My CMS\" \/>\n<meta property=\"article:modified_time\" content=\"2023-10-23T11:35:25+00:00\" \/>\n<meta property=\"og:image\" content=\"https:\/\/rubis.ee\/wp-content\/uploads\/2023\/07\/gold-classic-1-1.png-1600-1.png\" \/>\n\t<meta property=\"og:image:width\" content=\"945\" \/>\n\t<meta property=\"og:image:height\" content=\"945\" \/>\n\t<meta property=\"og:image:type\" content=\"image\/png\" \/>\n<meta name=\"twitter:card\" content=\"summary_large_image\" \/>\n<meta name=\"twitter:label1\" content=\"Est. reading time\" \/>\n\t<meta name=\"twitter:data1\" content=\"1 minute\" \/>\n<script type=\"application\/ld+json\" class=\"yoast-schema-graph\">{\"@context\":\"https:\/\/schema.org\",\"@graph\":[{\"@type\":\"WebPage\",\"@id\":\"https:\/\/rubis.ee\/en\/toode\/kaarid-colibri-gold\/\",\"url\":\"https:\/\/rubis.ee\/en\/toode\/kaarid-colibri-gold\/\",\"name\":\"K\u00fc\u00fcnenahak\u00e4\u00e4rid Colibri Gold - My CMS\",\"isPartOf\":{\"@id\":\"https:\/\/rubis.ee\/en\/#website\"},\"primaryImageOfPage\":{\"@id\":\"https:\/\/rubis.ee\/en\/toode\/kaarid-colibri-gold\/#primaryimage\"},\"image\":{\"@id\":\"https:\/\/rubis.ee\/en\/toode\/kaarid-colibri-gold\/#primaryimage\"},\"thumbnailUrl\":\"https:\/\/rubis.ee\/wp-content\/uploads\/2023\/07\/gold-classic-1-1.png-1600-1.png\",\"datePublished\":\"2023-07-11T06:46:17+00:00\",\"dateModified\":\"2023-10-23T11:35:25+00:00\",\"breadcrumb\":{\"@id\":\"https:\/\/rubis.ee\/en\/toode\/kaarid-colibri-gold\/#breadcrumb\"},\"inLanguage\":\"en-US\",\"potentialAction\":[{\"@type\":\"ReadAction\",\"target\":[\"https:\/\/rubis.ee\/en\/toode\/kaarid-colibri-gold\/\"]}]},{\"@type\":\"ImageObject\",\"inLanguage\":\"en-US\",\"@id\":\"https:\/\/rubis.ee\/en\/toode\/kaarid-colibri-gold\/#primaryimage\",\"url\":\"https:\/\/rubis.ee\/wp-content\/uploads\/2023\/07\/gold-classic-1-1.png-1600-1.png\",\"contentUrl\":\"https:\/\/rubis.ee\/wp-content\/uploads\/2023\/07\/gold-classic-1-1.png-1600-1.png\",\"width\":945,\"height\":945},{\"@type\":\"BreadcrumbList\",\"@id\":\"https:\/\/rubis.ee\/en\/toode\/kaarid-colibri-gold\/#breadcrumb\",\"itemListElement\":[{\"@type\":\"ListItem\",\"position\":1,\"name\":\"Home\",\"item\":\"https:\/\/rubis.ee\/en\/\"},{\"@type\":\"ListItem\",\"position\":2,\"name\":\"Shop\",\"item\":\"https:\/\/rubis.ee\/en\/shop-2\/\"},{\"@type\":\"ListItem\",\"position\":3,\"name\":\"K\u00fc\u00fcnenahak\u00e4\u00e4rid Colibri Gold\"}]},{\"@type\":\"WebSite\",\"@id\":\"https:\/\/rubis.ee\/en\/#website\",\"url\":\"https:\/\/rubis.ee\/en\/\",\"name\":\"My CMS\",\"description\":\"Just another WordPress site\",\"publisher\":{\"@id\":\"https:\/\/rubis.ee\/en\/#organization\"},\"potentialAction\":[{\"@type\":\"SearchAction\",\"target\":{\"@type\":\"EntryPoint\",\"urlTemplate\":\"https:\/\/rubis.ee\/en\/?s={search_term_string}\"},\"query-input\":\"required name=search_term_string\"}],\"inLanguage\":\"en-US\"},{\"@type\":\"Organization\",\"@id\":\"https:\/\/rubis.ee\/en\/#organization\",\"name\":\"My CMS\",\"url\":\"https:\/\/rubis.ee\/en\/\",\"logo\":{\"@type\":\"ImageObject\",\"inLanguage\":\"en-US\",\"@id\":\"https:\/\/rubis.ee\/en\/#\/schema\/logo\/image\/\",\"url\":\"https:\/\/rubis.ee\/wp-content\/uploads\/2023\/09\/logo-7.svg\",\"contentUrl\":\"https:\/\/rubis.ee\/wp-content\/uploads\/2023\/09\/logo-7.svg\",\"caption\":\"My CMS\"},\"image\":{\"@id\":\"https:\/\/rubis.ee\/en\/#\/schema\/logo\/image\/\"}}]}<\/script>\n<!-- \/ Yoast SEO plugin. -->","yoast_head_json":{"title":"K\u00fc\u00fcnenahak\u00e4\u00e4rid Colibri Gold - My CMS","robots":{"index":"index","follow":"follow","max-snippet":"max-snippet:-1","max-image-preview":"max-image-preview:large","max-video-preview":"max-video-preview:-1"},"canonical":"https:\/\/rubis.ee\/en\/toode\/kaarid-colibri-gold\/","og_locale":"en_US","og_type":"article","og_title":"K\u00fc\u00fcnenahak\u00e4\u00e4rid Colibri Gold - My CMS","og_description":"Rubis Colibri Gold k\u00e4\u00e4rid \u00fchendavad endas elegantse disaini ja ainulaadse kuju. \u00dclipeened kitsenevad kergelt kumerad otsad tagavad t\u00e4pse ja puhta l\u00f5ike. K\u00e4\u00e4rid on valmistatud kvaliteetsest roostevabast kirurgilisest terasest ja on kaetud 240ct kullaga. T\u00e4nu peenele kaardus otsale sobib k\u00fc\u00fcnenahkade l\u00f5ikamiseks. Kliendid on kasutanud ka k\u00fc\u00fcnek\u00e4\u00e4ridena, kulmukarvade l\u00f5ikamiseks kui ka peenema k\u00e4sit\u00f6\u00f6 tegemisel. Pikkus 90mm.","og_url":"https:\/\/rubis.ee\/en\/toode\/kaarid-colibri-gold\/","og_site_name":"My CMS","article_modified_time":"2023-10-23T11:35:25+00:00","og_image":[{"width":945,"height":945,"url":"https:\/\/rubis.ee\/wp-content\/uploads\/2023\/07\/gold-classic-1-1.png-1600-1.png","type":"image\/png"}],"twitter_card":"summary_large_image","twitter_misc":{"Est. reading time":"1 minute"},"schema":{"@context":"https:\/\/schema.org","@graph":[{"@type":"WebPage","@id":"https:\/\/rubis.ee\/en\/toode\/kaarid-colibri-gold\/","url":"https:\/\/rubis.ee\/en\/toode\/kaarid-colibri-gold\/","name":"K\u00fc\u00fcnenahak\u00e4\u00e4rid Colibri Gold - My CMS","isPartOf":{"@id":"https:\/\/rubis.ee\/en\/#website"},"primaryImageOfPage":{"@id":"https:\/\/rubis.ee\/en\/toode\/kaarid-colibri-gold\/#primaryimage"},"image":{"@id":"https:\/\/rubis.ee\/en\/toode\/kaarid-colibri-gold\/#primaryimage"},"thumbnailUrl":"https:\/\/rubis.ee\/wp-content\/uploads\/2023\/07\/gold-classic-1-1.png-1600-1.png","datePublished":"2023-07-11T06:46:17+00:00","dateModified":"2023-10-23T11:35:25+00:00","breadcrumb":{"@id":"https:\/\/rubis.ee\/en\/toode\/kaarid-colibri-gold\/#breadcrumb"},"inLanguage":"en-US","potentialAction":[{"@type":"ReadAction","target":["https:\/\/rubis.ee\/en\/toode\/kaarid-colibri-gold\/"]}]},{"@type":"ImageObject","inLanguage":"en-US","@id":"https:\/\/rubis.ee\/en\/toode\/kaarid-colibri-gold\/#primaryimage","url":"https:\/\/rubis.ee\/wp-content\/uploads\/2023\/07\/gold-classic-1-1.png-1600-1.png","contentUrl":"https:\/\/rubis.ee\/wp-content\/uploads\/2023\/07\/gold-classic-1-1.png-1600-1.png","width":945,"height":945},{"@type":"BreadcrumbList","@id":"https:\/\/rubis.ee\/en\/toode\/kaarid-colibri-gold\/#breadcrumb","itemListElement":[{"@type":"ListItem","position":1,"name":"Home","item":"https:\/\/rubis.ee\/en\/"},{"@type":"ListItem","position":2,"name":"Shop","item":"https:\/\/rubis.ee\/en\/shop-2\/"},{"@type":"ListItem","position":3,"name":"K\u00fc\u00fcnenahak\u00e4\u00e4rid Colibri Gold"}]},{"@type":"WebSite","@id":"https:\/\/rubis.ee\/en\/#website","url":"https:\/\/rubis.ee\/en\/","name":"My CMS","description":"Just another WordPress site","publisher":{"@id":"https:\/\/rubis.ee\/en\/#organization"},"potentialAction":[{"@type":"SearchAction","target":{"@type":"EntryPoint","urlTemplate":"https:\/\/rubis.ee\/en\/?s={search_term_string}"},"query-input":"required name=search_term_string"}],"inLanguage":"en-US"},{"@type":"Organization","@id":"https:\/\/rubis.ee\/en\/#organization","name":"My CMS","url":"https:\/\/rubis.ee\/en\/","logo":{"@type":"ImageObject","inLanguage":"en-US","@id":"https:\/\/rubis.ee\/en\/#\/schema\/logo\/image\/","url":"https:\/\/rubis.ee\/wp-content\/uploads\/2023\/09\/logo-7.svg","contentUrl":"https:\/\/rubis.ee\/wp-content\/uploads\/2023\/09\/logo-7.svg","caption":"My CMS"},"image":{"@id":"https:\/\/rubis.ee\/en\/#\/schema\/logo\/image\/"}}]}},"_links":{"self":[{"href":"https:\/\/rubis.ee\/en\/wp-json\/wp\/v2\/product\/87440"}],"collection":[{"href":"https:\/\/rubis.ee\/en\/wp-json\/wp\/v2\/product"}],"about":[{"href":"https:\/\/rubis.ee\/en\/wp-json\/wp\/v2\/types\/product"}],"replies":[{"embeddable":true,"href":"https:\/\/rubis.ee\/en\/wp-json\/wp\/v2\/comments?post=87440"}],"wp:featuredmedia":[{"embeddable":true,"href":"https:\/\/rubis.ee\/en\/wp-json\/wp\/v2\/media\/87621"}],"wp:attachment":[{"href":"https:\/\/rubis.ee\/en\/wp-json\/wp\/v2\/media?parent=87440"}],"wp:term":[{"taxonomy":"product_cat","embeddable":true,"href":"https:\/\/rubis.ee\/en\/wp-json\/wp\/v2\/product_cat?post=87440"},{"taxonomy":"product_tag","embeddable":true,"href":"https:\/\/rubis.ee\/en\/wp-json\/wp\/v2\/product_tag?post=87440"}],"curies":[{"name":"wp","href":"https:\/\/api.w.org\/{rel}","templated":true}]}}