{"id":87452,"date":"2023-07-11T06:41:10","date_gmt":"2023-07-11T06:41:10","guid":{"rendered":"https:\/\/rubis.ee\/?post_type=product&#038;p=87452"},"modified":"2023-10-23T10:42:02","modified_gmt":"2023-10-23T10:42:02","slug":"pintsett-pointer-suurendusklaasiga","status":"publish","type":"product","link":"https:\/\/rubis.ee\/en\/toode\/pintsett-pointer-suurendusklaasiga\/","title":{"rendered":"Pintsett Pointer suurendusklaasiga"},"content":{"rendered":"<h4>Pintsett Pointer on terava otsaga pintsett koos 8x suurendusklaasiga. Reguleeritav luup.\u00a0 Sobib kasutamiseks heledate karvade eemaldamiseks, k\u00e4sit\u00f6\u00f6huvilistele, harrastusbioloogidele jne., kus on vaja suurendusklaasi abi.<\/h4>\n","protected":false},"excerpt":{"rendered":"<p>Pintsett Pointer on terava otsaga pintsett koos 8x suurendusklaasiga. Reguleeritav luup.\u00a0 Sobib kasutamiseks heledate karvade eemaldamiseks, k\u00e4sit\u00f6\u00f6huvilistele, harrastusbioloogidele jne., kus on vaja suurendusklaasi abi.<\/p>\n","protected":false},"featured_media":87759,"comment_status":"open","ping_status":"closed","template":"","meta":{"inline_featured_image":false},"product_cat":[82,66,60,62],"product_tag":[],"yoast_head":"<!-- This site is optimized with the Yoast SEO plugin v23.0 - https:\/\/yoast.com\/wordpress\/plugins\/seo\/ -->\n<title>Pintsett Pointer suurendusklaasiga - My CMS<\/title>\n<meta name=\"robots\" content=\"index, follow, max-snippet:-1, max-image-preview:large, max-video-preview:-1\" \/>\n<link rel=\"canonical\" href=\"https:\/\/rubis.ee\/en\/toode\/pintsett-pointer-suurendusklaasiga\/\" \/>\n<meta property=\"og:locale\" content=\"en_US\" \/>\n<meta property=\"og:type\" content=\"article\" \/>\n<meta property=\"og:title\" content=\"Pintsett Pointer suurendusklaasiga - My CMS\" \/>\n<meta property=\"og:description\" content=\"Pintsett Pointer on terava otsaga pintsett koos 8x suurendusklaasiga. Reguleeritav luup.\u00a0 Sobib kasutamiseks heledate karvade eemaldamiseks, k\u00e4sit\u00f6\u00f6huvilistele, harrastusbioloogidele jne., kus on vaja suurendusklaasi abi.\" \/>\n<meta property=\"og:url\" content=\"https:\/\/rubis.ee\/en\/toode\/pintsett-pointer-suurendusklaasiga\/\" \/>\n<meta property=\"og:site_name\" content=\"My CMS\" \/>\n<meta property=\"article:modified_time\" content=\"2023-10-23T10:42:02+00:00\" \/>\n<meta property=\"og:image\" content=\"https:\/\/rubis.ee\/wp-content\/uploads\/2023\/07\/tweezer_magnifier_1K020-scaled.jpg\" \/>\n\t<meta property=\"og:image:width\" content=\"2560\" \/>\n\t<meta property=\"og:image:height\" content=\"2560\" \/>\n\t<meta property=\"og:image:type\" content=\"image\/jpeg\" \/>\n<meta name=\"twitter:card\" content=\"summary_large_image\" \/>\n<meta name=\"twitter:label1\" content=\"Est. reading time\" \/>\n\t<meta name=\"twitter:data1\" content=\"1 minute\" \/>\n<script type=\"application\/ld+json\" class=\"yoast-schema-graph\">{\"@context\":\"https:\/\/schema.org\",\"@graph\":[{\"@type\":\"WebPage\",\"@id\":\"https:\/\/rubis.ee\/en\/toode\/pintsett-pointer-suurendusklaasiga\/\",\"url\":\"https:\/\/rubis.ee\/en\/toode\/pintsett-pointer-suurendusklaasiga\/\",\"name\":\"Pintsett Pointer suurendusklaasiga - My CMS\",\"isPartOf\":{\"@id\":\"https:\/\/rubis.ee\/en\/#website\"},\"primaryImageOfPage\":{\"@id\":\"https:\/\/rubis.ee\/en\/toode\/pintsett-pointer-suurendusklaasiga\/#primaryimage\"},\"image\":{\"@id\":\"https:\/\/rubis.ee\/en\/toode\/pintsett-pointer-suurendusklaasiga\/#primaryimage\"},\"thumbnailUrl\":\"https:\/\/rubis.ee\/wp-content\/uploads\/2023\/07\/tweezer_magnifier_1K020-scaled.jpg\",\"datePublished\":\"2023-07-11T06:41:10+00:00\",\"dateModified\":\"2023-10-23T10:42:02+00:00\",\"breadcrumb\":{\"@id\":\"https:\/\/rubis.ee\/en\/toode\/pintsett-pointer-suurendusklaasiga\/#breadcrumb\"},\"inLanguage\":\"en-US\",\"potentialAction\":[{\"@type\":\"ReadAction\",\"target\":[\"https:\/\/rubis.ee\/en\/toode\/pintsett-pointer-suurendusklaasiga\/\"]}]},{\"@type\":\"ImageObject\",\"inLanguage\":\"en-US\",\"@id\":\"https:\/\/rubis.ee\/en\/toode\/pintsett-pointer-suurendusklaasiga\/#primaryimage\",\"url\":\"https:\/\/rubis.ee\/wp-content\/uploads\/2023\/07\/tweezer_magnifier_1K020-scaled.jpg\",\"contentUrl\":\"https:\/\/rubis.ee\/wp-content\/uploads\/2023\/07\/tweezer_magnifier_1K020-scaled.jpg\",\"width\":2560,\"height\":2560},{\"@type\":\"BreadcrumbList\",\"@id\":\"https:\/\/rubis.ee\/en\/toode\/pintsett-pointer-suurendusklaasiga\/#breadcrumb\",\"itemListElement\":[{\"@type\":\"ListItem\",\"position\":1,\"name\":\"Home\",\"item\":\"https:\/\/rubis.ee\/en\/\"},{\"@type\":\"ListItem\",\"position\":2,\"name\":\"Shop\",\"item\":\"https:\/\/rubis.ee\/en\/shop-2\/\"},{\"@type\":\"ListItem\",\"position\":3,\"name\":\"Pintsett Pointer suurendusklaasiga\"}]},{\"@type\":\"WebSite\",\"@id\":\"https:\/\/rubis.ee\/en\/#website\",\"url\":\"https:\/\/rubis.ee\/en\/\",\"name\":\"My CMS\",\"description\":\"Just another WordPress site\",\"publisher\":{\"@id\":\"https:\/\/rubis.ee\/en\/#organization\"},\"potentialAction\":[{\"@type\":\"SearchAction\",\"target\":{\"@type\":\"EntryPoint\",\"urlTemplate\":\"https:\/\/rubis.ee\/en\/?s={search_term_string}\"},\"query-input\":\"required name=search_term_string\"}],\"inLanguage\":\"en-US\"},{\"@type\":\"Organization\",\"@id\":\"https:\/\/rubis.ee\/en\/#organization\",\"name\":\"My CMS\",\"url\":\"https:\/\/rubis.ee\/en\/\",\"logo\":{\"@type\":\"ImageObject\",\"inLanguage\":\"en-US\",\"@id\":\"https:\/\/rubis.ee\/en\/#\/schema\/logo\/image\/\",\"url\":\"https:\/\/rubis.ee\/wp-content\/uploads\/2023\/09\/logo-7.svg\",\"contentUrl\":\"https:\/\/rubis.ee\/wp-content\/uploads\/2023\/09\/logo-7.svg\",\"caption\":\"My CMS\"},\"image\":{\"@id\":\"https:\/\/rubis.ee\/en\/#\/schema\/logo\/image\/\"}}]}<\/script>\n<!-- \/ Yoast SEO plugin. -->","yoast_head_json":{"title":"Pintsett Pointer suurendusklaasiga - My CMS","robots":{"index":"index","follow":"follow","max-snippet":"max-snippet:-1","max-image-preview":"max-image-preview:large","max-video-preview":"max-video-preview:-1"},"canonical":"https:\/\/rubis.ee\/en\/toode\/pintsett-pointer-suurendusklaasiga\/","og_locale":"en_US","og_type":"article","og_title":"Pintsett Pointer suurendusklaasiga - My CMS","og_description":"Pintsett Pointer on terava otsaga pintsett koos 8x suurendusklaasiga. Reguleeritav luup.\u00a0 Sobib kasutamiseks heledate karvade eemaldamiseks, k\u00e4sit\u00f6\u00f6huvilistele, harrastusbioloogidele jne., kus on vaja suurendusklaasi abi.","og_url":"https:\/\/rubis.ee\/en\/toode\/pintsett-pointer-suurendusklaasiga\/","og_site_name":"My CMS","article_modified_time":"2023-10-23T10:42:02+00:00","og_image":[{"width":2560,"height":2560,"url":"https:\/\/rubis.ee\/wp-content\/uploads\/2023\/07\/tweezer_magnifier_1K020-scaled.jpg","type":"image\/jpeg"}],"twitter_card":"summary_large_image","twitter_misc":{"Est. reading time":"1 minute"},"schema":{"@context":"https:\/\/schema.org","@graph":[{"@type":"WebPage","@id":"https:\/\/rubis.ee\/en\/toode\/pintsett-pointer-suurendusklaasiga\/","url":"https:\/\/rubis.ee\/en\/toode\/pintsett-pointer-suurendusklaasiga\/","name":"Pintsett Pointer suurendusklaasiga - My CMS","isPartOf":{"@id":"https:\/\/rubis.ee\/en\/#website"},"primaryImageOfPage":{"@id":"https:\/\/rubis.ee\/en\/toode\/pintsett-pointer-suurendusklaasiga\/#primaryimage"},"image":{"@id":"https:\/\/rubis.ee\/en\/toode\/pintsett-pointer-suurendusklaasiga\/#primaryimage"},"thumbnailUrl":"https:\/\/rubis.ee\/wp-content\/uploads\/2023\/07\/tweezer_magnifier_1K020-scaled.jpg","datePublished":"2023-07-11T06:41:10+00:00","dateModified":"2023-10-23T10:42:02+00:00","breadcrumb":{"@id":"https:\/\/rubis.ee\/en\/toode\/pintsett-pointer-suurendusklaasiga\/#breadcrumb"},"inLanguage":"en-US","potentialAction":[{"@type":"ReadAction","target":["https:\/\/rubis.ee\/en\/toode\/pintsett-pointer-suurendusklaasiga\/"]}]},{"@type":"ImageObject","inLanguage":"en-US","@id":"https:\/\/rubis.ee\/en\/toode\/pintsett-pointer-suurendusklaasiga\/#primaryimage","url":"https:\/\/rubis.ee\/wp-content\/uploads\/2023\/07\/tweezer_magnifier_1K020-scaled.jpg","contentUrl":"https:\/\/rubis.ee\/wp-content\/uploads\/2023\/07\/tweezer_magnifier_1K020-scaled.jpg","width":2560,"height":2560},{"@type":"BreadcrumbList","@id":"https:\/\/rubis.ee\/en\/toode\/pintsett-pointer-suurendusklaasiga\/#breadcrumb","itemListElement":[{"@type":"ListItem","position":1,"name":"Home","item":"https:\/\/rubis.ee\/en\/"},{"@type":"ListItem","position":2,"name":"Shop","item":"https:\/\/rubis.ee\/en\/shop-2\/"},{"@type":"ListItem","position":3,"name":"Pintsett Pointer suurendusklaasiga"}]},{"@type":"WebSite","@id":"https:\/\/rubis.ee\/en\/#website","url":"https:\/\/rubis.ee\/en\/","name":"My CMS","description":"Just another WordPress site","publisher":{"@id":"https:\/\/rubis.ee\/en\/#organization"},"potentialAction":[{"@type":"SearchAction","target":{"@type":"EntryPoint","urlTemplate":"https:\/\/rubis.ee\/en\/?s={search_term_string}"},"query-input":"required name=search_term_string"}],"inLanguage":"en-US"},{"@type":"Organization","@id":"https:\/\/rubis.ee\/en\/#organization","name":"My CMS","url":"https:\/\/rubis.ee\/en\/","logo":{"@type":"ImageObject","inLanguage":"en-US","@id":"https:\/\/rubis.ee\/en\/#\/schema\/logo\/image\/","url":"https:\/\/rubis.ee\/wp-content\/uploads\/2023\/09\/logo-7.svg","contentUrl":"https:\/\/rubis.ee\/wp-content\/uploads\/2023\/09\/logo-7.svg","caption":"My CMS"},"image":{"@id":"https:\/\/rubis.ee\/en\/#\/schema\/logo\/image\/"}}]}},"_links":{"self":[{"href":"https:\/\/rubis.ee\/en\/wp-json\/wp\/v2\/product\/87452"}],"collection":[{"href":"https:\/\/rubis.ee\/en\/wp-json\/wp\/v2\/product"}],"about":[{"href":"https:\/\/rubis.ee\/en\/wp-json\/wp\/v2\/types\/product"}],"replies":[{"embeddable":true,"href":"https:\/\/rubis.ee\/en\/wp-json\/wp\/v2\/comments?post=87452"}],"wp:featuredmedia":[{"embeddable":true,"href":"https:\/\/rubis.ee\/en\/wp-json\/wp\/v2\/media\/87759"}],"wp:attachment":[{"href":"https:\/\/rubis.ee\/en\/wp-json\/wp\/v2\/media?parent=87452"}],"wp:term":[{"taxonomy":"product_cat","embeddable":true,"href":"https:\/\/rubis.ee\/en\/wp-json\/wp\/v2\/product_cat?post=87452"},{"taxonomy":"product_tag","embeddable":true,"href":"https:\/\/rubis.ee\/en\/wp-json\/wp\/v2\/product_tag?post=87452"}],"curies":[{"name":"wp","href":"https:\/\/api.w.org\/{rel}","templated":true}]}}