{"id":87454,"date":"2023-07-11T06:40:31","date_gmt":"2023-07-11T06:40:31","guid":{"rendered":"https:\/\/rubis.ee\/?post_type=product&#038;p=87454"},"modified":"2023-10-23T11:08:51","modified_gmt":"2023-10-23T11:08:51","slug":"pintsett-classic-slant-koos-kaitseumbrisega","status":"publish","type":"product","link":"https:\/\/rubis.ee\/en\/toode\/pintsett-classic-slant-koos-kaitseumbrisega\/","title":{"rendered":"Pintsett Classic Slant koos kaitse\u00fcmbrisega"},"content":{"rendered":"<h4>Klassikalise kaldotsaga pintsett Classic Slant on k\u00e4sit\u00f6\u00f6na valminud pintsett, mis saab hakkama ka k\u00f5ige peenemate karvadega. Pintsett on valmistatud roostevabast kirurgilisest terasest, mis talub h\u00e4sti nii desinfitseerimist kui ka steriliseerimist.\u00a0 Toodetud \u0160veitsis. T\u00e4iuslik ergonoomika v\u00f5imaldab pintsettide suurep\u00e4rast k\u00e4sitlemist. Roheline kaitse\u00fcmbris on suurep\u00e4rane kaitse kukkumise eest.<\/h4>\n<h4>K\u00f5ik Rubise pintsetid on k\u00e4sitsi valmistatud ja\u00a0 otsad vastupidavad. Iga kord peale kasutamist soovitame kasutada kaasasolevat kaitse\u00fcmbrist, sest pintsettide maha kukkumine k\u00f5vale pinnale v\u00f5ib kahjustada nende funktsionaalsust.<\/h4>\n<p>&nbsp;<\/p>\n","protected":false},"excerpt":{"rendered":"<p>Klassikalise kaldotsaga pintsett Classic Slant on k\u00e4sit\u00f6\u00f6na valminud pintsett, mis saab hakkama ka k\u00f5ige peenemate karvadega. Pintsett on valmistatud roostevabast kirurgilisest terasest, mis talub h\u00e4sti nii desinfitseerimist kui ka steriliseerimist.\u00a0 Toodetud \u0160veitsis. T\u00e4iuslik ergonoomika v\u00f5imaldab pintsettide suurep\u00e4rast k\u00e4sitlemist. Roheline kaitse\u00fcmbris on suurep\u00e4rane kaitse kukkumise eest. K\u00f5ik Rubise pintsetid on k\u00e4sitsi valmistatud ja\u00a0 otsad vastupidavad. Iga [&hellip;]<\/p>\n","protected":false},"featured_media":87761,"comment_status":"open","ping_status":"closed","template":"","meta":{"inline_featured_image":false},"product_cat":[59,82,66,62],"product_tag":[],"yoast_head":"<!-- This site is optimized with the Yoast SEO plugin v23.0 - https:\/\/yoast.com\/wordpress\/plugins\/seo\/ -->\n<title>Pintsett Classic Slant koos kaitse\u00fcmbrisega - My CMS<\/title>\n<meta name=\"robots\" content=\"index, follow, max-snippet:-1, max-image-preview:large, max-video-preview:-1\" \/>\n<link rel=\"canonical\" href=\"https:\/\/rubis.ee\/en\/toode\/pintsett-classic-slant-koos-kaitseumbrisega\/\" \/>\n<meta property=\"og:locale\" content=\"en_US\" \/>\n<meta property=\"og:type\" content=\"article\" \/>\n<meta property=\"og:title\" content=\"Pintsett Classic Slant koos kaitse\u00fcmbrisega - My CMS\" \/>\n<meta property=\"og:description\" content=\"Klassikalise kaldotsaga pintsett Classic Slant on k\u00e4sit\u00f6\u00f6na valminud pintsett, mis saab hakkama ka k\u00f5ige peenemate karvadega. Pintsett on valmistatud roostevabast kirurgilisest terasest, mis talub h\u00e4sti nii desinfitseerimist kui ka steriliseerimist.\u00a0 Toodetud \u0160veitsis. T\u00e4iuslik ergonoomika v\u00f5imaldab pintsettide suurep\u00e4rast k\u00e4sitlemist. Roheline kaitse\u00fcmbris on suurep\u00e4rane kaitse kukkumise eest. K\u00f5ik Rubise pintsetid on k\u00e4sitsi valmistatud ja\u00a0 otsad vastupidavad. Iga [&hellip;]\" \/>\n<meta property=\"og:url\" content=\"https:\/\/rubis.ee\/en\/toode\/pintsett-classic-slant-koos-kaitseumbrisega\/\" \/>\n<meta property=\"og:site_name\" content=\"My CMS\" \/>\n<meta property=\"article:modified_time\" content=\"2023-10-23T11:08:51+00:00\" \/>\n<meta property=\"og:image\" content=\"https:\/\/rubis.ee\/wp-content\/uploads\/2023\/07\/etui_leder_1K4102-scaled.jpg\" \/>\n\t<meta property=\"og:image:width\" content=\"2560\" \/>\n\t<meta property=\"og:image:height\" content=\"2560\" \/>\n\t<meta property=\"og:image:type\" content=\"image\/jpeg\" \/>\n<meta name=\"twitter:card\" content=\"summary_large_image\" \/>\n<meta name=\"twitter:label1\" content=\"Est. reading time\" \/>\n\t<meta name=\"twitter:data1\" content=\"1 minute\" \/>\n<script type=\"application\/ld+json\" class=\"yoast-schema-graph\">{\"@context\":\"https:\/\/schema.org\",\"@graph\":[{\"@type\":\"WebPage\",\"@id\":\"https:\/\/rubis.ee\/en\/toode\/pintsett-classic-slant-koos-kaitseumbrisega\/\",\"url\":\"https:\/\/rubis.ee\/en\/toode\/pintsett-classic-slant-koos-kaitseumbrisega\/\",\"name\":\"Pintsett Classic Slant koos kaitse\u00fcmbrisega - My CMS\",\"isPartOf\":{\"@id\":\"https:\/\/rubis.ee\/en\/#website\"},\"primaryImageOfPage\":{\"@id\":\"https:\/\/rubis.ee\/en\/toode\/pintsett-classic-slant-koos-kaitseumbrisega\/#primaryimage\"},\"image\":{\"@id\":\"https:\/\/rubis.ee\/en\/toode\/pintsett-classic-slant-koos-kaitseumbrisega\/#primaryimage\"},\"thumbnailUrl\":\"https:\/\/rubis.ee\/wp-content\/uploads\/2023\/07\/etui_leder_1K4102-scaled.jpg\",\"datePublished\":\"2023-07-11T06:40:31+00:00\",\"dateModified\":\"2023-10-23T11:08:51+00:00\",\"breadcrumb\":{\"@id\":\"https:\/\/rubis.ee\/en\/toode\/pintsett-classic-slant-koos-kaitseumbrisega\/#breadcrumb\"},\"inLanguage\":\"en-US\",\"potentialAction\":[{\"@type\":\"ReadAction\",\"target\":[\"https:\/\/rubis.ee\/en\/toode\/pintsett-classic-slant-koos-kaitseumbrisega\/\"]}]},{\"@type\":\"ImageObject\",\"inLanguage\":\"en-US\",\"@id\":\"https:\/\/rubis.ee\/en\/toode\/pintsett-classic-slant-koos-kaitseumbrisega\/#primaryimage\",\"url\":\"https:\/\/rubis.ee\/wp-content\/uploads\/2023\/07\/etui_leder_1K4102-scaled.jpg\",\"contentUrl\":\"https:\/\/rubis.ee\/wp-content\/uploads\/2023\/07\/etui_leder_1K4102-scaled.jpg\",\"width\":2560,\"height\":2560},{\"@type\":\"BreadcrumbList\",\"@id\":\"https:\/\/rubis.ee\/en\/toode\/pintsett-classic-slant-koos-kaitseumbrisega\/#breadcrumb\",\"itemListElement\":[{\"@type\":\"ListItem\",\"position\":1,\"name\":\"Home\",\"item\":\"https:\/\/rubis.ee\/en\/\"},{\"@type\":\"ListItem\",\"position\":2,\"name\":\"Shop\",\"item\":\"https:\/\/rubis.ee\/en\/shop-2\/\"},{\"@type\":\"ListItem\",\"position\":3,\"name\":\"Pintsett Classic Slant koos kaitse\u00fcmbrisega\"}]},{\"@type\":\"WebSite\",\"@id\":\"https:\/\/rubis.ee\/en\/#website\",\"url\":\"https:\/\/rubis.ee\/en\/\",\"name\":\"My CMS\",\"description\":\"Just another WordPress site\",\"publisher\":{\"@id\":\"https:\/\/rubis.ee\/en\/#organization\"},\"potentialAction\":[{\"@type\":\"SearchAction\",\"target\":{\"@type\":\"EntryPoint\",\"urlTemplate\":\"https:\/\/rubis.ee\/en\/?s={search_term_string}\"},\"query-input\":\"required name=search_term_string\"}],\"inLanguage\":\"en-US\"},{\"@type\":\"Organization\",\"@id\":\"https:\/\/rubis.ee\/en\/#organization\",\"name\":\"My CMS\",\"url\":\"https:\/\/rubis.ee\/en\/\",\"logo\":{\"@type\":\"ImageObject\",\"inLanguage\":\"en-US\",\"@id\":\"https:\/\/rubis.ee\/en\/#\/schema\/logo\/image\/\",\"url\":\"https:\/\/rubis.ee\/wp-content\/uploads\/2023\/09\/logo-7.svg\",\"contentUrl\":\"https:\/\/rubis.ee\/wp-content\/uploads\/2023\/09\/logo-7.svg\",\"caption\":\"My CMS\"},\"image\":{\"@id\":\"https:\/\/rubis.ee\/en\/#\/schema\/logo\/image\/\"}}]}<\/script>\n<!-- \/ Yoast SEO plugin. -->","yoast_head_json":{"title":"Pintsett Classic Slant koos kaitse\u00fcmbrisega - My CMS","robots":{"index":"index","follow":"follow","max-snippet":"max-snippet:-1","max-image-preview":"max-image-preview:large","max-video-preview":"max-video-preview:-1"},"canonical":"https:\/\/rubis.ee\/en\/toode\/pintsett-classic-slant-koos-kaitseumbrisega\/","og_locale":"en_US","og_type":"article","og_title":"Pintsett Classic Slant koos kaitse\u00fcmbrisega - My CMS","og_description":"Klassikalise kaldotsaga pintsett Classic Slant on k\u00e4sit\u00f6\u00f6na valminud pintsett, mis saab hakkama ka k\u00f5ige peenemate karvadega. Pintsett on valmistatud roostevabast kirurgilisest terasest, mis talub h\u00e4sti nii desinfitseerimist kui ka steriliseerimist.\u00a0 Toodetud \u0160veitsis. T\u00e4iuslik ergonoomika v\u00f5imaldab pintsettide suurep\u00e4rast k\u00e4sitlemist. Roheline kaitse\u00fcmbris on suurep\u00e4rane kaitse kukkumise eest. K\u00f5ik Rubise pintsetid on k\u00e4sitsi valmistatud ja\u00a0 otsad vastupidavad. Iga [&hellip;]","og_url":"https:\/\/rubis.ee\/en\/toode\/pintsett-classic-slant-koos-kaitseumbrisega\/","og_site_name":"My CMS","article_modified_time":"2023-10-23T11:08:51+00:00","og_image":[{"width":2560,"height":2560,"url":"https:\/\/rubis.ee\/wp-content\/uploads\/2023\/07\/etui_leder_1K4102-scaled.jpg","type":"image\/jpeg"}],"twitter_card":"summary_large_image","twitter_misc":{"Est. reading time":"1 minute"},"schema":{"@context":"https:\/\/schema.org","@graph":[{"@type":"WebPage","@id":"https:\/\/rubis.ee\/en\/toode\/pintsett-classic-slant-koos-kaitseumbrisega\/","url":"https:\/\/rubis.ee\/en\/toode\/pintsett-classic-slant-koos-kaitseumbrisega\/","name":"Pintsett Classic Slant koos kaitse\u00fcmbrisega - My CMS","isPartOf":{"@id":"https:\/\/rubis.ee\/en\/#website"},"primaryImageOfPage":{"@id":"https:\/\/rubis.ee\/en\/toode\/pintsett-classic-slant-koos-kaitseumbrisega\/#primaryimage"},"image":{"@id":"https:\/\/rubis.ee\/en\/toode\/pintsett-classic-slant-koos-kaitseumbrisega\/#primaryimage"},"thumbnailUrl":"https:\/\/rubis.ee\/wp-content\/uploads\/2023\/07\/etui_leder_1K4102-scaled.jpg","datePublished":"2023-07-11T06:40:31+00:00","dateModified":"2023-10-23T11:08:51+00:00","breadcrumb":{"@id":"https:\/\/rubis.ee\/en\/toode\/pintsett-classic-slant-koos-kaitseumbrisega\/#breadcrumb"},"inLanguage":"en-US","potentialAction":[{"@type":"ReadAction","target":["https:\/\/rubis.ee\/en\/toode\/pintsett-classic-slant-koos-kaitseumbrisega\/"]}]},{"@type":"ImageObject","inLanguage":"en-US","@id":"https:\/\/rubis.ee\/en\/toode\/pintsett-classic-slant-koos-kaitseumbrisega\/#primaryimage","url":"https:\/\/rubis.ee\/wp-content\/uploads\/2023\/07\/etui_leder_1K4102-scaled.jpg","contentUrl":"https:\/\/rubis.ee\/wp-content\/uploads\/2023\/07\/etui_leder_1K4102-scaled.jpg","width":2560,"height":2560},{"@type":"BreadcrumbList","@id":"https:\/\/rubis.ee\/en\/toode\/pintsett-classic-slant-koos-kaitseumbrisega\/#breadcrumb","itemListElement":[{"@type":"ListItem","position":1,"name":"Home","item":"https:\/\/rubis.ee\/en\/"},{"@type":"ListItem","position":2,"name":"Shop","item":"https:\/\/rubis.ee\/en\/shop-2\/"},{"@type":"ListItem","position":3,"name":"Pintsett Classic Slant koos kaitse\u00fcmbrisega"}]},{"@type":"WebSite","@id":"https:\/\/rubis.ee\/en\/#website","url":"https:\/\/rubis.ee\/en\/","name":"My CMS","description":"Just another WordPress site","publisher":{"@id":"https:\/\/rubis.ee\/en\/#organization"},"potentialAction":[{"@type":"SearchAction","target":{"@type":"EntryPoint","urlTemplate":"https:\/\/rubis.ee\/en\/?s={search_term_string}"},"query-input":"required name=search_term_string"}],"inLanguage":"en-US"},{"@type":"Organization","@id":"https:\/\/rubis.ee\/en\/#organization","name":"My CMS","url":"https:\/\/rubis.ee\/en\/","logo":{"@type":"ImageObject","inLanguage":"en-US","@id":"https:\/\/rubis.ee\/en\/#\/schema\/logo\/image\/","url":"https:\/\/rubis.ee\/wp-content\/uploads\/2023\/09\/logo-7.svg","contentUrl":"https:\/\/rubis.ee\/wp-content\/uploads\/2023\/09\/logo-7.svg","caption":"My CMS"},"image":{"@id":"https:\/\/rubis.ee\/en\/#\/schema\/logo\/image\/"}}]}},"_links":{"self":[{"href":"https:\/\/rubis.ee\/en\/wp-json\/wp\/v2\/product\/87454"}],"collection":[{"href":"https:\/\/rubis.ee\/en\/wp-json\/wp\/v2\/product"}],"about":[{"href":"https:\/\/rubis.ee\/en\/wp-json\/wp\/v2\/types\/product"}],"replies":[{"embeddable":true,"href":"https:\/\/rubis.ee\/en\/wp-json\/wp\/v2\/comments?post=87454"}],"wp:featuredmedia":[{"embeddable":true,"href":"https:\/\/rubis.ee\/en\/wp-json\/wp\/v2\/media\/87761"}],"wp:attachment":[{"href":"https:\/\/rubis.ee\/en\/wp-json\/wp\/v2\/media?parent=87454"}],"wp:term":[{"taxonomy":"product_cat","embeddable":true,"href":"https:\/\/rubis.ee\/en\/wp-json\/wp\/v2\/product_cat?post=87454"},{"taxonomy":"product_tag","embeddable":true,"href":"https:\/\/rubis.ee\/en\/wp-json\/wp\/v2\/product_tag?post=87454"}],"curies":[{"name":"wp","href":"https:\/\/api.w.org\/{rel}","templated":true}]}}