{"id":87777,"date":"2023-07-19T15:02:12","date_gmt":"2023-07-19T15:02:12","guid":{"rendered":"https:\/\/rubis.ee\/?post_type=product&#038;p=87777"},"modified":"2024-11-29T19:51:27","modified_gmt":"2024-11-29T19:51:27","slug":"kuunekaarid-classic","status":"publish","type":"product","link":"https:\/\/rubis.ee\/en\/toode\/kuunekaarid-classic\/","title":{"rendered":"K\u00fc\u00fcnek\u00e4\u00e4rid Classic"},"content":{"rendered":"<h4><span style=\"font-weight: normal;\">Rubis Classic k\u00fc\u00fcnek\u00e4\u00e4rid \u00fchendavad endas elegantse disaini ja ainulaadse kuju. Peened kitsenevad otsad tagavad t\u00e4pse ja puhta l\u00f5ike. K\u00e4\u00e4rid on valmistatud kvaliteetsest roostevabast kirurgilisest terasest. Pikkus 90mm. Sobivad kasutamiseks k\u00fc\u00fcnte, k\u00fc\u00fcnenahkade, kulmukarvade l\u00f5ikamiseks kuid ka peenema k\u00e4sit\u00f6\u00f6 jaoks.<\/span><\/h4>\n","protected":false},"excerpt":{"rendered":"<p>Rubis Classic k\u00fc\u00fcnek\u00e4\u00e4rid \u00fchendavad endas elegantse disaini ja ainulaadse kuju. Peened kitsenevad otsad tagavad t\u00e4pse ja puhta l\u00f5ike. K\u00e4\u00e4rid on valmistatud kvaliteetsest roostevabast kirurgilisest terasest. Pikkus 90mm. Sobivad kasutamiseks k\u00fc\u00fcnte, k\u00fc\u00fcnenahkade, kulmukarvade l\u00f5ikamiseks kuid ka peenema k\u00e4sit\u00f6\u00f6 jaoks.<\/p>\n","protected":false},"featured_media":87778,"comment_status":"open","ping_status":"closed","template":"","meta":{"inline_featured_image":false},"product_cat":[69,63,82,62],"product_tag":[],"yoast_head":"<!-- This site is optimized with the Yoast SEO plugin v23.0 - https:\/\/yoast.com\/wordpress\/plugins\/seo\/ -->\n<title>K\u00fc\u00fcnek\u00e4\u00e4rid Classic - My CMS<\/title>\n<meta name=\"robots\" content=\"index, follow, max-snippet:-1, max-image-preview:large, max-video-preview:-1\" \/>\n<link rel=\"canonical\" href=\"https:\/\/rubis.ee\/en\/toode\/kuunekaarid-classic\/\" \/>\n<meta property=\"og:locale\" content=\"en_US\" \/>\n<meta property=\"og:type\" content=\"article\" \/>\n<meta property=\"og:title\" content=\"K\u00fc\u00fcnek\u00e4\u00e4rid Classic - My CMS\" \/>\n<meta property=\"og:description\" content=\"Rubis Classic k\u00fc\u00fcnek\u00e4\u00e4rid \u00fchendavad endas elegantse disaini ja ainulaadse kuju. Peened kitsenevad otsad tagavad t\u00e4pse ja puhta l\u00f5ike. K\u00e4\u00e4rid on valmistatud kvaliteetsest roostevabast kirurgilisest terasest. Pikkus 90mm. Sobivad kasutamiseks k\u00fc\u00fcnte, k\u00fc\u00fcnenahkade, kulmukarvade l\u00f5ikamiseks kuid ka peenema k\u00e4sit\u00f6\u00f6 jaoks.\" \/>\n<meta property=\"og:url\" content=\"https:\/\/rubis.ee\/en\/toode\/kuunekaarid-classic\/\" \/>\n<meta property=\"og:site_name\" content=\"My CMS\" \/>\n<meta property=\"article:modified_time\" content=\"2024-11-29T19:51:27+00:00\" \/>\n<meta property=\"og:image\" content=\"https:\/\/rubis.ee\/wp-content\/uploads\/2023\/07\/scissors_classic_1F000-scaled.jpg\" \/>\n\t<meta property=\"og:image:width\" content=\"2560\" \/>\n\t<meta property=\"og:image:height\" content=\"2560\" \/>\n\t<meta property=\"og:image:type\" content=\"image\/jpeg\" \/>\n<meta name=\"twitter:card\" content=\"summary_large_image\" \/>\n<meta name=\"twitter:label1\" content=\"Est. reading time\" \/>\n\t<meta name=\"twitter:data1\" content=\"1 minute\" \/>\n<script type=\"application\/ld+json\" class=\"yoast-schema-graph\">{\"@context\":\"https:\/\/schema.org\",\"@graph\":[{\"@type\":\"WebPage\",\"@id\":\"https:\/\/rubis.ee\/en\/toode\/kuunekaarid-classic\/\",\"url\":\"https:\/\/rubis.ee\/en\/toode\/kuunekaarid-classic\/\",\"name\":\"K\u00fc\u00fcnek\u00e4\u00e4rid Classic - My CMS\",\"isPartOf\":{\"@id\":\"https:\/\/rubis.ee\/en\/#website\"},\"primaryImageOfPage\":{\"@id\":\"https:\/\/rubis.ee\/en\/toode\/kuunekaarid-classic\/#primaryimage\"},\"image\":{\"@id\":\"https:\/\/rubis.ee\/en\/toode\/kuunekaarid-classic\/#primaryimage\"},\"thumbnailUrl\":\"https:\/\/rubis.ee\/wp-content\/uploads\/2023\/07\/scissors_classic_1F000-scaled.jpg\",\"datePublished\":\"2023-07-19T15:02:12+00:00\",\"dateModified\":\"2024-11-29T19:51:27+00:00\",\"breadcrumb\":{\"@id\":\"https:\/\/rubis.ee\/en\/toode\/kuunekaarid-classic\/#breadcrumb\"},\"inLanguage\":\"en-US\",\"potentialAction\":[{\"@type\":\"ReadAction\",\"target\":[\"https:\/\/rubis.ee\/en\/toode\/kuunekaarid-classic\/\"]}]},{\"@type\":\"ImageObject\",\"inLanguage\":\"en-US\",\"@id\":\"https:\/\/rubis.ee\/en\/toode\/kuunekaarid-classic\/#primaryimage\",\"url\":\"https:\/\/rubis.ee\/wp-content\/uploads\/2023\/07\/scissors_classic_1F000-scaled.jpg\",\"contentUrl\":\"https:\/\/rubis.ee\/wp-content\/uploads\/2023\/07\/scissors_classic_1F000-scaled.jpg\",\"width\":2560,\"height\":2560},{\"@type\":\"BreadcrumbList\",\"@id\":\"https:\/\/rubis.ee\/en\/toode\/kuunekaarid-classic\/#breadcrumb\",\"itemListElement\":[{\"@type\":\"ListItem\",\"position\":1,\"name\":\"Home\",\"item\":\"https:\/\/rubis.ee\/en\/\"},{\"@type\":\"ListItem\",\"position\":2,\"name\":\"Shop\",\"item\":\"https:\/\/rubis.ee\/en\/shop-2\/\"},{\"@type\":\"ListItem\",\"position\":3,\"name\":\"K\u00fc\u00fcnek\u00e4\u00e4rid Classic\"}]},{\"@type\":\"WebSite\",\"@id\":\"https:\/\/rubis.ee\/en\/#website\",\"url\":\"https:\/\/rubis.ee\/en\/\",\"name\":\"My CMS\",\"description\":\"Just another WordPress site\",\"publisher\":{\"@id\":\"https:\/\/rubis.ee\/en\/#organization\"},\"potentialAction\":[{\"@type\":\"SearchAction\",\"target\":{\"@type\":\"EntryPoint\",\"urlTemplate\":\"https:\/\/rubis.ee\/en\/?s={search_term_string}\"},\"query-input\":\"required name=search_term_string\"}],\"inLanguage\":\"en-US\"},{\"@type\":\"Organization\",\"@id\":\"https:\/\/rubis.ee\/en\/#organization\",\"name\":\"My CMS\",\"url\":\"https:\/\/rubis.ee\/en\/\",\"logo\":{\"@type\":\"ImageObject\",\"inLanguage\":\"en-US\",\"@id\":\"https:\/\/rubis.ee\/en\/#\/schema\/logo\/image\/\",\"url\":\"https:\/\/rubis.ee\/wp-content\/uploads\/2023\/09\/logo-7.svg\",\"contentUrl\":\"https:\/\/rubis.ee\/wp-content\/uploads\/2023\/09\/logo-7.svg\",\"caption\":\"My CMS\"},\"image\":{\"@id\":\"https:\/\/rubis.ee\/en\/#\/schema\/logo\/image\/\"}}]}<\/script>\n<!-- \/ Yoast SEO plugin. -->","yoast_head_json":{"title":"K\u00fc\u00fcnek\u00e4\u00e4rid Classic - My CMS","robots":{"index":"index","follow":"follow","max-snippet":"max-snippet:-1","max-image-preview":"max-image-preview:large","max-video-preview":"max-video-preview:-1"},"canonical":"https:\/\/rubis.ee\/en\/toode\/kuunekaarid-classic\/","og_locale":"en_US","og_type":"article","og_title":"K\u00fc\u00fcnek\u00e4\u00e4rid Classic - My CMS","og_description":"Rubis Classic k\u00fc\u00fcnek\u00e4\u00e4rid \u00fchendavad endas elegantse disaini ja ainulaadse kuju. Peened kitsenevad otsad tagavad t\u00e4pse ja puhta l\u00f5ike. K\u00e4\u00e4rid on valmistatud kvaliteetsest roostevabast kirurgilisest terasest. Pikkus 90mm. Sobivad kasutamiseks k\u00fc\u00fcnte, k\u00fc\u00fcnenahkade, kulmukarvade l\u00f5ikamiseks kuid ka peenema k\u00e4sit\u00f6\u00f6 jaoks.","og_url":"https:\/\/rubis.ee\/en\/toode\/kuunekaarid-classic\/","og_site_name":"My CMS","article_modified_time":"2024-11-29T19:51:27+00:00","og_image":[{"width":2560,"height":2560,"url":"https:\/\/rubis.ee\/wp-content\/uploads\/2023\/07\/scissors_classic_1F000-scaled.jpg","type":"image\/jpeg"}],"twitter_card":"summary_large_image","twitter_misc":{"Est. reading time":"1 minute"},"schema":{"@context":"https:\/\/schema.org","@graph":[{"@type":"WebPage","@id":"https:\/\/rubis.ee\/en\/toode\/kuunekaarid-classic\/","url":"https:\/\/rubis.ee\/en\/toode\/kuunekaarid-classic\/","name":"K\u00fc\u00fcnek\u00e4\u00e4rid Classic - My CMS","isPartOf":{"@id":"https:\/\/rubis.ee\/en\/#website"},"primaryImageOfPage":{"@id":"https:\/\/rubis.ee\/en\/toode\/kuunekaarid-classic\/#primaryimage"},"image":{"@id":"https:\/\/rubis.ee\/en\/toode\/kuunekaarid-classic\/#primaryimage"},"thumbnailUrl":"https:\/\/rubis.ee\/wp-content\/uploads\/2023\/07\/scissors_classic_1F000-scaled.jpg","datePublished":"2023-07-19T15:02:12+00:00","dateModified":"2024-11-29T19:51:27+00:00","breadcrumb":{"@id":"https:\/\/rubis.ee\/en\/toode\/kuunekaarid-classic\/#breadcrumb"},"inLanguage":"en-US","potentialAction":[{"@type":"ReadAction","target":["https:\/\/rubis.ee\/en\/toode\/kuunekaarid-classic\/"]}]},{"@type":"ImageObject","inLanguage":"en-US","@id":"https:\/\/rubis.ee\/en\/toode\/kuunekaarid-classic\/#primaryimage","url":"https:\/\/rubis.ee\/wp-content\/uploads\/2023\/07\/scissors_classic_1F000-scaled.jpg","contentUrl":"https:\/\/rubis.ee\/wp-content\/uploads\/2023\/07\/scissors_classic_1F000-scaled.jpg","width":2560,"height":2560},{"@type":"BreadcrumbList","@id":"https:\/\/rubis.ee\/en\/toode\/kuunekaarid-classic\/#breadcrumb","itemListElement":[{"@type":"ListItem","position":1,"name":"Home","item":"https:\/\/rubis.ee\/en\/"},{"@type":"ListItem","position":2,"name":"Shop","item":"https:\/\/rubis.ee\/en\/shop-2\/"},{"@type":"ListItem","position":3,"name":"K\u00fc\u00fcnek\u00e4\u00e4rid Classic"}]},{"@type":"WebSite","@id":"https:\/\/rubis.ee\/en\/#website","url":"https:\/\/rubis.ee\/en\/","name":"My CMS","description":"Just another WordPress site","publisher":{"@id":"https:\/\/rubis.ee\/en\/#organization"},"potentialAction":[{"@type":"SearchAction","target":{"@type":"EntryPoint","urlTemplate":"https:\/\/rubis.ee\/en\/?s={search_term_string}"},"query-input":"required name=search_term_string"}],"inLanguage":"en-US"},{"@type":"Organization","@id":"https:\/\/rubis.ee\/en\/#organization","name":"My CMS","url":"https:\/\/rubis.ee\/en\/","logo":{"@type":"ImageObject","inLanguage":"en-US","@id":"https:\/\/rubis.ee\/en\/#\/schema\/logo\/image\/","url":"https:\/\/rubis.ee\/wp-content\/uploads\/2023\/09\/logo-7.svg","contentUrl":"https:\/\/rubis.ee\/wp-content\/uploads\/2023\/09\/logo-7.svg","caption":"My CMS"},"image":{"@id":"https:\/\/rubis.ee\/en\/#\/schema\/logo\/image\/"}}]}},"_links":{"self":[{"href":"https:\/\/rubis.ee\/en\/wp-json\/wp\/v2\/product\/87777"}],"collection":[{"href":"https:\/\/rubis.ee\/en\/wp-json\/wp\/v2\/product"}],"about":[{"href":"https:\/\/rubis.ee\/en\/wp-json\/wp\/v2\/types\/product"}],"replies":[{"embeddable":true,"href":"https:\/\/rubis.ee\/en\/wp-json\/wp\/v2\/comments?post=87777"}],"wp:featuredmedia":[{"embeddable":true,"href":"https:\/\/rubis.ee\/en\/wp-json\/wp\/v2\/media\/87778"}],"wp:attachment":[{"href":"https:\/\/rubis.ee\/en\/wp-json\/wp\/v2\/media?parent=87777"}],"wp:term":[{"taxonomy":"product_cat","embeddable":true,"href":"https:\/\/rubis.ee\/en\/wp-json\/wp\/v2\/product_cat?post=87777"},{"taxonomy":"product_tag","embeddable":true,"href":"https:\/\/rubis.ee\/en\/wp-json\/wp\/v2\/product_tag?post=87777"}],"curies":[{"name":"wp","href":"https:\/\/api.w.org\/{rel}","templated":true}]}}