{"id":88504,"date":"2023-10-18T19:50:08","date_gmt":"2023-10-18T19:50:08","guid":{"rendered":"https:\/\/rubis.ee\/?post_type=product&#038;p=88504"},"modified":"2023-10-18T19:50:08","modified_gmt":"2023-10-18T19:50:08","slug":"red-case-gold-peegliga-pintsett","status":"publish","type":"product","link":"https:\/\/rubis.ee\/en\/toode\/red-case-gold-peegliga-pintsett\/","title":{"rendered":"Red Case Gold &#8211; peegliga pintsett"},"content":{"rendered":"<h4>Klassikalise kaldotsaga pintsett on valmistatud roostevabast kirurgilisest terasest ja kaetud 240ct kullaga. Toodetud \u0160veitsis. Need kaldotsaga pintsetid haaravad kinni ka k\u00f5ige peenematest karvadest. Nende abiga muutub igap\u00e4evane kulmuhooldus lihtsamaks ja nauditavamaks. T\u00e4iuslik ergonoomika v\u00f5imaldab pintsettide suurep\u00e4rast k\u00e4sitlemist. Kaasas punane peegliga\u00a0 hoiustamiskott.<\/h4>\n<h4>K\u00f5ik Rubise pintsetid on k\u00e4sitsi valmistatud ja\u00a0 pintsettide otsad vastupidavad. Iga kord peale kasutamist soovitame kasutada kaasasolevat kaitse\u00fcmbrist, sest pintsettide maha kukkumine k\u00f5vale pinnale v\u00f5ib kahjustada nende funktsionaalsust.<\/h4>\n","protected":false},"excerpt":{"rendered":"<p>Klassikalise kaldotsaga pintsett on valmistatud roostevabast kirurgilisest terasest ja kaetud 240ct kullaga. Toodetud \u0160veitsis. Need kaldotsaga pintsetid haaravad kinni ka k\u00f5ige peenematest karvadest. Nende abiga muutub igap\u00e4evane kulmuhooldus lihtsamaks ja nauditavamaks. T\u00e4iuslik ergonoomika v\u00f5imaldab pintsettide suurep\u00e4rast k\u00e4sitlemist. Kaasas punane peegliga\u00a0 hoiustamiskott. K\u00f5ik Rubise pintsetid on k\u00e4sitsi valmistatud ja\u00a0 pintsettide otsad vastupidavad. Iga kord peale kasutamist [&hellip;]<\/p>\n","protected":false},"featured_media":88505,"comment_status":"open","ping_status":"closed","template":"","meta":{"inline_featured_image":false},"product_cat":[59,82,64,66],"product_tag":[],"yoast_head":"<!-- This site is optimized with the Yoast SEO plugin v23.0 - https:\/\/yoast.com\/wordpress\/plugins\/seo\/ -->\n<title>Red Case Gold - peegliga pintsett - My CMS<\/title>\n<meta name=\"robots\" content=\"index, follow, max-snippet:-1, max-image-preview:large, max-video-preview:-1\" \/>\n<link rel=\"canonical\" href=\"https:\/\/rubis.ee\/en\/toode\/red-case-gold-peegliga-pintsett\/\" \/>\n<meta property=\"og:locale\" content=\"en_US\" \/>\n<meta property=\"og:type\" content=\"article\" \/>\n<meta property=\"og:title\" content=\"Red Case Gold - peegliga pintsett - My CMS\" \/>\n<meta property=\"og:description\" content=\"Klassikalise kaldotsaga pintsett on valmistatud roostevabast kirurgilisest terasest ja kaetud 240ct kullaga. Toodetud \u0160veitsis. Need kaldotsaga pintsetid haaravad kinni ka k\u00f5ige peenematest karvadest. Nende abiga muutub igap\u00e4evane kulmuhooldus lihtsamaks ja nauditavamaks. T\u00e4iuslik ergonoomika v\u00f5imaldab pintsettide suurep\u00e4rast k\u00e4sitlemist. Kaasas punane peegliga\u00a0 hoiustamiskott. K\u00f5ik Rubise pintsetid on k\u00e4sitsi valmistatud ja\u00a0 pintsettide otsad vastupidavad. Iga kord peale kasutamist [&hellip;]\" \/>\n<meta property=\"og:url\" content=\"https:\/\/rubis.ee\/en\/toode\/red-case-gold-peegliga-pintsett\/\" \/>\n<meta property=\"og:site_name\" content=\"My CMS\" \/>\n<meta property=\"og:image\" content=\"https:\/\/rubis.ee\/wp-content\/uploads\/2023\/10\/Nimetu-kujundus-17-1.png\" \/>\n\t<meta property=\"og:image:width\" content=\"1080\" \/>\n\t<meta property=\"og:image:height\" content=\"1080\" \/>\n\t<meta property=\"og:image:type\" content=\"image\/png\" \/>\n<meta name=\"twitter:card\" content=\"summary_large_image\" \/>\n<meta name=\"twitter:label1\" content=\"Est. reading time\" \/>\n\t<meta name=\"twitter:data1\" content=\"1 minute\" \/>\n<script type=\"application\/ld+json\" class=\"yoast-schema-graph\">{\"@context\":\"https:\/\/schema.org\",\"@graph\":[{\"@type\":\"WebPage\",\"@id\":\"https:\/\/rubis.ee\/en\/toode\/red-case-gold-peegliga-pintsett\/\",\"url\":\"https:\/\/rubis.ee\/en\/toode\/red-case-gold-peegliga-pintsett\/\",\"name\":\"Red Case Gold - peegliga pintsett - My CMS\",\"isPartOf\":{\"@id\":\"https:\/\/rubis.ee\/en\/#website\"},\"primaryImageOfPage\":{\"@id\":\"https:\/\/rubis.ee\/en\/toode\/red-case-gold-peegliga-pintsett\/#primaryimage\"},\"image\":{\"@id\":\"https:\/\/rubis.ee\/en\/toode\/red-case-gold-peegliga-pintsett\/#primaryimage\"},\"thumbnailUrl\":\"https:\/\/rubis.ee\/wp-content\/uploads\/2023\/10\/Nimetu-kujundus-17-1.png\",\"datePublished\":\"2023-10-18T19:50:08+00:00\",\"dateModified\":\"2023-10-18T19:50:08+00:00\",\"breadcrumb\":{\"@id\":\"https:\/\/rubis.ee\/en\/toode\/red-case-gold-peegliga-pintsett\/#breadcrumb\"},\"inLanguage\":\"en-US\",\"potentialAction\":[{\"@type\":\"ReadAction\",\"target\":[\"https:\/\/rubis.ee\/en\/toode\/red-case-gold-peegliga-pintsett\/\"]}]},{\"@type\":\"ImageObject\",\"inLanguage\":\"en-US\",\"@id\":\"https:\/\/rubis.ee\/en\/toode\/red-case-gold-peegliga-pintsett\/#primaryimage\",\"url\":\"https:\/\/rubis.ee\/wp-content\/uploads\/2023\/10\/Nimetu-kujundus-17-1.png\",\"contentUrl\":\"https:\/\/rubis.ee\/wp-content\/uploads\/2023\/10\/Nimetu-kujundus-17-1.png\",\"width\":1080,\"height\":1080},{\"@type\":\"BreadcrumbList\",\"@id\":\"https:\/\/rubis.ee\/en\/toode\/red-case-gold-peegliga-pintsett\/#breadcrumb\",\"itemListElement\":[{\"@type\":\"ListItem\",\"position\":1,\"name\":\"Home\",\"item\":\"https:\/\/rubis.ee\/en\/\"},{\"@type\":\"ListItem\",\"position\":2,\"name\":\"Shop\",\"item\":\"https:\/\/rubis.ee\/en\/shop-2\/\"},{\"@type\":\"ListItem\",\"position\":3,\"name\":\"Red Case Gold &#8211; peegliga pintsett\"}]},{\"@type\":\"WebSite\",\"@id\":\"https:\/\/rubis.ee\/en\/#website\",\"url\":\"https:\/\/rubis.ee\/en\/\",\"name\":\"My CMS\",\"description\":\"Just another WordPress site\",\"publisher\":{\"@id\":\"https:\/\/rubis.ee\/en\/#organization\"},\"potentialAction\":[{\"@type\":\"SearchAction\",\"target\":{\"@type\":\"EntryPoint\",\"urlTemplate\":\"https:\/\/rubis.ee\/en\/?s={search_term_string}\"},\"query-input\":\"required name=search_term_string\"}],\"inLanguage\":\"en-US\"},{\"@type\":\"Organization\",\"@id\":\"https:\/\/rubis.ee\/en\/#organization\",\"name\":\"My CMS\",\"url\":\"https:\/\/rubis.ee\/en\/\",\"logo\":{\"@type\":\"ImageObject\",\"inLanguage\":\"en-US\",\"@id\":\"https:\/\/rubis.ee\/en\/#\/schema\/logo\/image\/\",\"url\":\"https:\/\/rubis.ee\/wp-content\/uploads\/2023\/09\/logo-7.svg\",\"contentUrl\":\"https:\/\/rubis.ee\/wp-content\/uploads\/2023\/09\/logo-7.svg\",\"caption\":\"My CMS\"},\"image\":{\"@id\":\"https:\/\/rubis.ee\/en\/#\/schema\/logo\/image\/\"}}]}<\/script>\n<!-- \/ Yoast SEO plugin. -->","yoast_head_json":{"title":"Red Case Gold - peegliga pintsett - My CMS","robots":{"index":"index","follow":"follow","max-snippet":"max-snippet:-1","max-image-preview":"max-image-preview:large","max-video-preview":"max-video-preview:-1"},"canonical":"https:\/\/rubis.ee\/en\/toode\/red-case-gold-peegliga-pintsett\/","og_locale":"en_US","og_type":"article","og_title":"Red Case Gold - peegliga pintsett - My CMS","og_description":"Klassikalise kaldotsaga pintsett on valmistatud roostevabast kirurgilisest terasest ja kaetud 240ct kullaga. Toodetud \u0160veitsis. Need kaldotsaga pintsetid haaravad kinni ka k\u00f5ige peenematest karvadest. Nende abiga muutub igap\u00e4evane kulmuhooldus lihtsamaks ja nauditavamaks. T\u00e4iuslik ergonoomika v\u00f5imaldab pintsettide suurep\u00e4rast k\u00e4sitlemist. Kaasas punane peegliga\u00a0 hoiustamiskott. K\u00f5ik Rubise pintsetid on k\u00e4sitsi valmistatud ja\u00a0 pintsettide otsad vastupidavad. Iga kord peale kasutamist [&hellip;]","og_url":"https:\/\/rubis.ee\/en\/toode\/red-case-gold-peegliga-pintsett\/","og_site_name":"My CMS","og_image":[{"width":1080,"height":1080,"url":"https:\/\/rubis.ee\/wp-content\/uploads\/2023\/10\/Nimetu-kujundus-17-1.png","type":"image\/png"}],"twitter_card":"summary_large_image","twitter_misc":{"Est. reading time":"1 minute"},"schema":{"@context":"https:\/\/schema.org","@graph":[{"@type":"WebPage","@id":"https:\/\/rubis.ee\/en\/toode\/red-case-gold-peegliga-pintsett\/","url":"https:\/\/rubis.ee\/en\/toode\/red-case-gold-peegliga-pintsett\/","name":"Red Case Gold - peegliga pintsett - My CMS","isPartOf":{"@id":"https:\/\/rubis.ee\/en\/#website"},"primaryImageOfPage":{"@id":"https:\/\/rubis.ee\/en\/toode\/red-case-gold-peegliga-pintsett\/#primaryimage"},"image":{"@id":"https:\/\/rubis.ee\/en\/toode\/red-case-gold-peegliga-pintsett\/#primaryimage"},"thumbnailUrl":"https:\/\/rubis.ee\/wp-content\/uploads\/2023\/10\/Nimetu-kujundus-17-1.png","datePublished":"2023-10-18T19:50:08+00:00","dateModified":"2023-10-18T19:50:08+00:00","breadcrumb":{"@id":"https:\/\/rubis.ee\/en\/toode\/red-case-gold-peegliga-pintsett\/#breadcrumb"},"inLanguage":"en-US","potentialAction":[{"@type":"ReadAction","target":["https:\/\/rubis.ee\/en\/toode\/red-case-gold-peegliga-pintsett\/"]}]},{"@type":"ImageObject","inLanguage":"en-US","@id":"https:\/\/rubis.ee\/en\/toode\/red-case-gold-peegliga-pintsett\/#primaryimage","url":"https:\/\/rubis.ee\/wp-content\/uploads\/2023\/10\/Nimetu-kujundus-17-1.png","contentUrl":"https:\/\/rubis.ee\/wp-content\/uploads\/2023\/10\/Nimetu-kujundus-17-1.png","width":1080,"height":1080},{"@type":"BreadcrumbList","@id":"https:\/\/rubis.ee\/en\/toode\/red-case-gold-peegliga-pintsett\/#breadcrumb","itemListElement":[{"@type":"ListItem","position":1,"name":"Home","item":"https:\/\/rubis.ee\/en\/"},{"@type":"ListItem","position":2,"name":"Shop","item":"https:\/\/rubis.ee\/en\/shop-2\/"},{"@type":"ListItem","position":3,"name":"Red Case Gold &#8211; peegliga pintsett"}]},{"@type":"WebSite","@id":"https:\/\/rubis.ee\/en\/#website","url":"https:\/\/rubis.ee\/en\/","name":"My CMS","description":"Just another WordPress site","publisher":{"@id":"https:\/\/rubis.ee\/en\/#organization"},"potentialAction":[{"@type":"SearchAction","target":{"@type":"EntryPoint","urlTemplate":"https:\/\/rubis.ee\/en\/?s={search_term_string}"},"query-input":"required name=search_term_string"}],"inLanguage":"en-US"},{"@type":"Organization","@id":"https:\/\/rubis.ee\/en\/#organization","name":"My CMS","url":"https:\/\/rubis.ee\/en\/","logo":{"@type":"ImageObject","inLanguage":"en-US","@id":"https:\/\/rubis.ee\/en\/#\/schema\/logo\/image\/","url":"https:\/\/rubis.ee\/wp-content\/uploads\/2023\/09\/logo-7.svg","contentUrl":"https:\/\/rubis.ee\/wp-content\/uploads\/2023\/09\/logo-7.svg","caption":"My CMS"},"image":{"@id":"https:\/\/rubis.ee\/en\/#\/schema\/logo\/image\/"}}]}},"_links":{"self":[{"href":"https:\/\/rubis.ee\/en\/wp-json\/wp\/v2\/product\/88504"}],"collection":[{"href":"https:\/\/rubis.ee\/en\/wp-json\/wp\/v2\/product"}],"about":[{"href":"https:\/\/rubis.ee\/en\/wp-json\/wp\/v2\/types\/product"}],"replies":[{"embeddable":true,"href":"https:\/\/rubis.ee\/en\/wp-json\/wp\/v2\/comments?post=88504"}],"wp:featuredmedia":[{"embeddable":true,"href":"https:\/\/rubis.ee\/en\/wp-json\/wp\/v2\/media\/88505"}],"wp:attachment":[{"href":"https:\/\/rubis.ee\/en\/wp-json\/wp\/v2\/media?parent=88504"}],"wp:term":[{"taxonomy":"product_cat","embeddable":true,"href":"https:\/\/rubis.ee\/en\/wp-json\/wp\/v2\/product_cat?post=88504"},{"taxonomy":"product_tag","embeddable":true,"href":"https:\/\/rubis.ee\/en\/wp-json\/wp\/v2\/product_tag?post=88504"}],"curies":[{"name":"wp","href":"https:\/\/api.w.org\/{rel}","templated":true}]}}