{"id":88529,"date":"2023-10-31T18:48:53","date_gmt":"2023-10-31T18:48:53","guid":{"rendered":"https:\/\/rubis.ee\/?post_type=product&#038;p=88529"},"modified":"2023-10-31T18:50:00","modified_gmt":"2023-10-31T18:50:00","slug":"pintsett-pointer-white-daisy","status":"publish","type":"product","link":"https:\/\/rubis.ee\/en\/toode\/pintsett-pointer-white-daisy\/","title":{"rendered":"Pintsett Classic White Daisy"},"content":{"rendered":"<div class=\"woocommerce-tabs wc-tabs-wrapper\">\n<div id=\"tab-description\" class=\"woocommerce-Tabs-panel woocommerce-Tabs-panel--description panel entry-content wc-tab\" role=\"tabpanel\" aria-labelledby=\"tab-title-description\">\n<h4>Pintsett Classic White Daisy on klassikalise kaldotsaga \u00fclit\u00e4pne pintsett, mis haarab kinni ka k\u00f5ige peenematest karvadest. Nende abiga muutub igap\u00e4evane kulmuhooldus lihtsamaks ja nauditavamaks. T\u00e4iuslik ergonoomika v\u00f5imaldab pintsettide suurep\u00e4rast k\u00e4sitlemist. \u00dclev\u00e4rvitud pintsetid ei ole soovitatav desinfitseerida ja steriliseerida. Ei sobi professionaalseks kasutamiseks.<\/h4>\n<h4>K\u00f5ik Rubise pintsetid on k\u00e4sitsi valmistatud ja\u00a0 pintsettide otsad vastupidavad. Iga kord peale kasutamist soovitame kasutada kaasasolevat kaitsekorki, sest pintsettide maha kukkumine k\u00f5vale pinnale v\u00f5ib kahjustada nende funktsionaalsust.<\/h4>\n<\/div>\n<\/div>\n<div id=\"reviews\" class=\"woocommerce-Reviews\">\n<div class=\"content\">\n<div id=\"comments\"><\/div>\n<\/div>\n<\/div>\n","protected":false},"excerpt":{"rendered":"<p>Pintsett Classic White Daisy on klassikalise kaldotsaga \u00fclit\u00e4pne pintsett, mis haarab kinni ka k\u00f5ige peenematest karvadest. Nende abiga muutub igap\u00e4evane kulmuhooldus lihtsamaks ja nauditavamaks. T\u00e4iuslik ergonoomika v\u00f5imaldab pintsettide suurep\u00e4rast k\u00e4sitlemist. \u00dclev\u00e4rvitud pintsetid ei ole soovitatav desinfitseerida ja steriliseerida. Ei sobi professionaalseks kasutamiseks. K\u00f5ik Rubise pintsetid on k\u00e4sitsi valmistatud ja\u00a0 pintsettide otsad vastupidavad. Iga kord peale [&hellip;]<\/p>\n","protected":false},"featured_media":88536,"comment_status":"open","ping_status":"closed","template":"","meta":{"inline_featured_image":false},"product_cat":[59,65,82,66],"product_tag":[],"yoast_head":"<!-- This site is optimized with the Yoast SEO plugin v23.0 - https:\/\/yoast.com\/wordpress\/plugins\/seo\/ -->\n<title>Pintsett Classic White Daisy - My CMS<\/title>\n<meta name=\"robots\" content=\"index, follow, max-snippet:-1, max-image-preview:large, max-video-preview:-1\" \/>\n<link rel=\"canonical\" href=\"https:\/\/rubis.ee\/toode\/pintsett-pointer-white-daisy\/\" \/>\n<meta property=\"og:locale\" content=\"en_US\" \/>\n<meta property=\"og:type\" content=\"article\" \/>\n<meta property=\"og:title\" content=\"Pintsett Classic White Daisy - My CMS\" \/>\n<meta property=\"og:description\" content=\"Pintsett Classic White Daisy on klassikalise kaldotsaga \u00fclit\u00e4pne pintsett, mis haarab kinni ka k\u00f5ige peenematest karvadest. Nende abiga muutub igap\u00e4evane kulmuhooldus lihtsamaks ja nauditavamaks. T\u00e4iuslik ergonoomika v\u00f5imaldab pintsettide suurep\u00e4rast k\u00e4sitlemist. \u00dclev\u00e4rvitud pintsetid ei ole soovitatav desinfitseerida ja steriliseerida. Ei sobi professionaalseks kasutamiseks. K\u00f5ik Rubise pintsetid on k\u00e4sitsi valmistatud ja\u00a0 pintsettide otsad vastupidavad. Iga kord peale [&hellip;]\" \/>\n<meta property=\"og:url\" content=\"https:\/\/rubis.ee\/toode\/pintsett-pointer-white-daisy\/\" \/>\n<meta property=\"og:site_name\" content=\"My CMS\" \/>\n<meta property=\"article:modified_time\" content=\"2023-10-31T18:50:00+00:00\" \/>\n<meta property=\"og:image\" content=\"https:\/\/rubis.ee\/wp-content\/uploads\/2023\/10\/Screenshot-2023-10-31-at-20.41.19.png\" \/>\n\t<meta property=\"og:image:width\" content=\"528\" \/>\n\t<meta property=\"og:image:height\" content=\"528\" \/>\n\t<meta property=\"og:image:type\" content=\"image\/png\" \/>\n<meta name=\"twitter:card\" content=\"summary_large_image\" \/>\n<meta name=\"twitter:label1\" content=\"Est. reading time\" \/>\n\t<meta name=\"twitter:data1\" content=\"1 minute\" \/>\n<script type=\"application\/ld+json\" class=\"yoast-schema-graph\">{\"@context\":\"https:\/\/schema.org\",\"@graph\":[{\"@type\":\"WebPage\",\"@id\":\"https:\/\/rubis.ee\/toode\/pintsett-pointer-white-daisy\/\",\"url\":\"https:\/\/rubis.ee\/toode\/pintsett-pointer-white-daisy\/\",\"name\":\"Pintsett Classic White Daisy - My CMS\",\"isPartOf\":{\"@id\":\"https:\/\/rubis.ee\/en\/#website\"},\"primaryImageOfPage\":{\"@id\":\"https:\/\/rubis.ee\/toode\/pintsett-pointer-white-daisy\/#primaryimage\"},\"image\":{\"@id\":\"https:\/\/rubis.ee\/toode\/pintsett-pointer-white-daisy\/#primaryimage\"},\"thumbnailUrl\":\"https:\/\/rubis.ee\/wp-content\/uploads\/2023\/10\/Screenshot-2023-10-31-at-20.41.19.png\",\"datePublished\":\"2023-10-31T18:48:53+00:00\",\"dateModified\":\"2023-10-31T18:50:00+00:00\",\"breadcrumb\":{\"@id\":\"https:\/\/rubis.ee\/toode\/pintsett-pointer-white-daisy\/#breadcrumb\"},\"inLanguage\":\"en-US\",\"potentialAction\":[{\"@type\":\"ReadAction\",\"target\":[\"https:\/\/rubis.ee\/toode\/pintsett-pointer-white-daisy\/\"]}]},{\"@type\":\"ImageObject\",\"inLanguage\":\"en-US\",\"@id\":\"https:\/\/rubis.ee\/toode\/pintsett-pointer-white-daisy\/#primaryimage\",\"url\":\"https:\/\/rubis.ee\/wp-content\/uploads\/2023\/10\/Screenshot-2023-10-31-at-20.41.19.png\",\"contentUrl\":\"https:\/\/rubis.ee\/wp-content\/uploads\/2023\/10\/Screenshot-2023-10-31-at-20.41.19.png\",\"width\":528,\"height\":528},{\"@type\":\"BreadcrumbList\",\"@id\":\"https:\/\/rubis.ee\/toode\/pintsett-pointer-white-daisy\/#breadcrumb\",\"itemListElement\":[{\"@type\":\"ListItem\",\"position\":1,\"name\":\"Home\",\"item\":\"https:\/\/rubis.ee\/en\/\"},{\"@type\":\"ListItem\",\"position\":2,\"name\":\"Shop\",\"item\":\"https:\/\/rubis.ee\/en\/shop-2\/\"},{\"@type\":\"ListItem\",\"position\":3,\"name\":\"Pintsett Classic White Daisy\"}]},{\"@type\":\"WebSite\",\"@id\":\"https:\/\/rubis.ee\/en\/#website\",\"url\":\"https:\/\/rubis.ee\/en\/\",\"name\":\"My CMS\",\"description\":\"Just another WordPress site\",\"publisher\":{\"@id\":\"https:\/\/rubis.ee\/en\/#organization\"},\"potentialAction\":[{\"@type\":\"SearchAction\",\"target\":{\"@type\":\"EntryPoint\",\"urlTemplate\":\"https:\/\/rubis.ee\/en\/?s={search_term_string}\"},\"query-input\":\"required name=search_term_string\"}],\"inLanguage\":\"en-US\"},{\"@type\":\"Organization\",\"@id\":\"https:\/\/rubis.ee\/en\/#organization\",\"name\":\"My CMS\",\"url\":\"https:\/\/rubis.ee\/en\/\",\"logo\":{\"@type\":\"ImageObject\",\"inLanguage\":\"en-US\",\"@id\":\"https:\/\/rubis.ee\/en\/#\/schema\/logo\/image\/\",\"url\":\"https:\/\/rubis.ee\/wp-content\/uploads\/2023\/09\/logo-7.svg\",\"contentUrl\":\"https:\/\/rubis.ee\/wp-content\/uploads\/2023\/09\/logo-7.svg\",\"caption\":\"My CMS\"},\"image\":{\"@id\":\"https:\/\/rubis.ee\/en\/#\/schema\/logo\/image\/\"}}]}<\/script>\n<!-- \/ Yoast SEO plugin. -->","yoast_head_json":{"title":"Pintsett Classic White Daisy - My CMS","robots":{"index":"index","follow":"follow","max-snippet":"max-snippet:-1","max-image-preview":"max-image-preview:large","max-video-preview":"max-video-preview:-1"},"canonical":"https:\/\/rubis.ee\/toode\/pintsett-pointer-white-daisy\/","og_locale":"en_US","og_type":"article","og_title":"Pintsett Classic White Daisy - My CMS","og_description":"Pintsett Classic White Daisy on klassikalise kaldotsaga \u00fclit\u00e4pne pintsett, mis haarab kinni ka k\u00f5ige peenematest karvadest. Nende abiga muutub igap\u00e4evane kulmuhooldus lihtsamaks ja nauditavamaks. T\u00e4iuslik ergonoomika v\u00f5imaldab pintsettide suurep\u00e4rast k\u00e4sitlemist. \u00dclev\u00e4rvitud pintsetid ei ole soovitatav desinfitseerida ja steriliseerida. Ei sobi professionaalseks kasutamiseks. K\u00f5ik Rubise pintsetid on k\u00e4sitsi valmistatud ja\u00a0 pintsettide otsad vastupidavad. Iga kord peale [&hellip;]","og_url":"https:\/\/rubis.ee\/toode\/pintsett-pointer-white-daisy\/","og_site_name":"My CMS","article_modified_time":"2023-10-31T18:50:00+00:00","og_image":[{"width":528,"height":528,"url":"https:\/\/rubis.ee\/wp-content\/uploads\/2023\/10\/Screenshot-2023-10-31-at-20.41.19.png","type":"image\/png"}],"twitter_card":"summary_large_image","twitter_misc":{"Est. reading time":"1 minute"},"schema":{"@context":"https:\/\/schema.org","@graph":[{"@type":"WebPage","@id":"https:\/\/rubis.ee\/toode\/pintsett-pointer-white-daisy\/","url":"https:\/\/rubis.ee\/toode\/pintsett-pointer-white-daisy\/","name":"Pintsett Classic White Daisy - My CMS","isPartOf":{"@id":"https:\/\/rubis.ee\/en\/#website"},"primaryImageOfPage":{"@id":"https:\/\/rubis.ee\/toode\/pintsett-pointer-white-daisy\/#primaryimage"},"image":{"@id":"https:\/\/rubis.ee\/toode\/pintsett-pointer-white-daisy\/#primaryimage"},"thumbnailUrl":"https:\/\/rubis.ee\/wp-content\/uploads\/2023\/10\/Screenshot-2023-10-31-at-20.41.19.png","datePublished":"2023-10-31T18:48:53+00:00","dateModified":"2023-10-31T18:50:00+00:00","breadcrumb":{"@id":"https:\/\/rubis.ee\/toode\/pintsett-pointer-white-daisy\/#breadcrumb"},"inLanguage":"en-US","potentialAction":[{"@type":"ReadAction","target":["https:\/\/rubis.ee\/toode\/pintsett-pointer-white-daisy\/"]}]},{"@type":"ImageObject","inLanguage":"en-US","@id":"https:\/\/rubis.ee\/toode\/pintsett-pointer-white-daisy\/#primaryimage","url":"https:\/\/rubis.ee\/wp-content\/uploads\/2023\/10\/Screenshot-2023-10-31-at-20.41.19.png","contentUrl":"https:\/\/rubis.ee\/wp-content\/uploads\/2023\/10\/Screenshot-2023-10-31-at-20.41.19.png","width":528,"height":528},{"@type":"BreadcrumbList","@id":"https:\/\/rubis.ee\/toode\/pintsett-pointer-white-daisy\/#breadcrumb","itemListElement":[{"@type":"ListItem","position":1,"name":"Home","item":"https:\/\/rubis.ee\/en\/"},{"@type":"ListItem","position":2,"name":"Shop","item":"https:\/\/rubis.ee\/en\/shop-2\/"},{"@type":"ListItem","position":3,"name":"Pintsett Classic White Daisy"}]},{"@type":"WebSite","@id":"https:\/\/rubis.ee\/en\/#website","url":"https:\/\/rubis.ee\/en\/","name":"My CMS","description":"Just another WordPress site","publisher":{"@id":"https:\/\/rubis.ee\/en\/#organization"},"potentialAction":[{"@type":"SearchAction","target":{"@type":"EntryPoint","urlTemplate":"https:\/\/rubis.ee\/en\/?s={search_term_string}"},"query-input":"required name=search_term_string"}],"inLanguage":"en-US"},{"@type":"Organization","@id":"https:\/\/rubis.ee\/en\/#organization","name":"My CMS","url":"https:\/\/rubis.ee\/en\/","logo":{"@type":"ImageObject","inLanguage":"en-US","@id":"https:\/\/rubis.ee\/en\/#\/schema\/logo\/image\/","url":"https:\/\/rubis.ee\/wp-content\/uploads\/2023\/09\/logo-7.svg","contentUrl":"https:\/\/rubis.ee\/wp-content\/uploads\/2023\/09\/logo-7.svg","caption":"My CMS"},"image":{"@id":"https:\/\/rubis.ee\/en\/#\/schema\/logo\/image\/"}}]}},"_links":{"self":[{"href":"https:\/\/rubis.ee\/en\/wp-json\/wp\/v2\/product\/88529"}],"collection":[{"href":"https:\/\/rubis.ee\/en\/wp-json\/wp\/v2\/product"}],"about":[{"href":"https:\/\/rubis.ee\/en\/wp-json\/wp\/v2\/types\/product"}],"replies":[{"embeddable":true,"href":"https:\/\/rubis.ee\/en\/wp-json\/wp\/v2\/comments?post=88529"}],"wp:featuredmedia":[{"embeddable":true,"href":"https:\/\/rubis.ee\/en\/wp-json\/wp\/v2\/media\/88536"}],"wp:attachment":[{"href":"https:\/\/rubis.ee\/en\/wp-json\/wp\/v2\/media?parent=88529"}],"wp:term":[{"taxonomy":"product_cat","embeddable":true,"href":"https:\/\/rubis.ee\/en\/wp-json\/wp\/v2\/product_cat?post=88529"},{"taxonomy":"product_tag","embeddable":true,"href":"https:\/\/rubis.ee\/en\/wp-json\/wp\/v2\/product_tag?post=88529"}],"curies":[{"name":"wp","href":"https:\/\/api.w.org\/{rel}","templated":true}]}}