{"id":88600,"date":"2023-10-31T20:51:10","date_gmt":"2023-10-31T20:51:10","guid":{"rendered":"https:\/\/rubis.ee\/?post_type=product&#038;p=88600"},"modified":"2026-03-13T05:36:21","modified_gmt":"2026-03-13T05:36:21","slug":"professionaalne-pintsett-classic-sa-pro-grip","status":"publish","type":"product","link":"https:\/\/rubis.ee\/en\/toode\/professionaalne-pintsett-classic-sa-pro-grip\/","title":{"rendered":"Pintsett Classic SA PRO GRIP"},"content":{"rendered":"<h4>Pintsett Classic SA Pro Grip on v\u00e4lja t\u00f6\u00f6tatud koost\u00f6\u00f6s inimestega, kes kasutavad pintsette iga p\u00e4ev: kulmutehnikud ja esteetikud. Spetsiaalne serv takistab t\u00f6\u00f6k\u00e4igus pintsetil libiseda v\u00f5imaldades t\u00f6\u00f6tada kiiresti ja ohutult. Pintsett on valmistatud roostevabast kirurgilisest terasest. Need kaldotsaga pintsetid haaravad kinni ka k\u00f5ige peenematest karvadest. T\u00e4iuslik ergonoomika v\u00f5imaldab pintsettide suurep\u00e4rast k\u00e4sitlemist. Pro Grip pintsettide sari sobib h\u00e4sti professionaalseks kasutamiseks. Talub h\u00e4sti desinfitseerimist ja steriliseerimist. Toodetud \u0160veitsis.<\/h4>\n<h4>K\u00f5ik Rubise pintsetid on k\u00e4sitsi valmistatud ja\u00a0 vastupidavad. Iga kord peale kasutamist soovitame kasutada kaasasolevat kaitsekorki, sest pintsettide maha kukkumine k\u00f5vale pinnale v\u00f5ib kahjustada nende funktsionaalsust.<\/h4>\n","protected":false},"excerpt":{"rendered":"<p>Pintsett Classic SA Pro Grip on v\u00e4lja t\u00f6\u00f6tatud koost\u00f6\u00f6s inimestega, kes kasutavad pintsette iga p\u00e4ev: kulmutehnikud ja esteetikud. Spetsiaalne serv takistab t\u00f6\u00f6k\u00e4igus pintsetil libiseda v\u00f5imaldades t\u00f6\u00f6tada kiiresti ja ohutult. Pintsett on valmistatud roostevabast kirurgilisest terasest. Need kaldotsaga pintsetid haaravad kinni ka k\u00f5ige peenematest karvadest. T\u00e4iuslik ergonoomika v\u00f5imaldab pintsettide suurep\u00e4rast k\u00e4sitlemist. Pro Grip pintsettide sari sobib [&hellip;]<\/p>\n","protected":false},"featured_media":88601,"comment_status":"open","ping_status":"closed","template":"","meta":{"inline_featured_image":false},"product_cat":[59,82,66,62],"product_tag":[],"yoast_head":"<!-- This site is optimized with the Yoast SEO plugin v23.0 - https:\/\/yoast.com\/wordpress\/plugins\/seo\/ -->\n<title>Pintsett Classic SA PRO GRIP - My CMS<\/title>\n<meta name=\"description\" content=\"professionaalne pintsett classic sa pro grip\" \/>\n<meta name=\"robots\" content=\"index, follow, max-snippet:-1, max-image-preview:large, max-video-preview:-1\" \/>\n<link rel=\"canonical\" href=\"https:\/\/rubis.ee\/en\/toode\/professionaalne-pintsett-classic-sa-pro-grip\/\" \/>\n<meta property=\"og:locale\" content=\"en_US\" \/>\n<meta property=\"og:type\" content=\"article\" \/>\n<meta property=\"og:title\" content=\"Pintsett Classic SA PRO GRIP - My CMS\" \/>\n<meta property=\"og:description\" content=\"professionaalne pintsett classic sa pro grip\" \/>\n<meta property=\"og:url\" content=\"https:\/\/rubis.ee\/en\/toode\/professionaalne-pintsett-classic-sa-pro-grip\/\" \/>\n<meta property=\"og:site_name\" content=\"My CMS\" \/>\n<meta property=\"article:modified_time\" content=\"2026-03-13T05:36:21+00:00\" \/>\n<meta property=\"og:image\" content=\"https:\/\/rubis.ee\/wp-content\/uploads\/2023\/10\/Screenshot-2023-10-31-at-22.43.22.png\" \/>\n\t<meta property=\"og:image:width\" content=\"645\" \/>\n\t<meta property=\"og:image:height\" content=\"604\" \/>\n\t<meta property=\"og:image:type\" content=\"image\/png\" \/>\n<meta name=\"twitter:card\" content=\"summary_large_image\" \/>\n<meta name=\"twitter:label1\" content=\"Est. reading time\" \/>\n\t<meta name=\"twitter:data1\" content=\"1 minute\" \/>\n<script type=\"application\/ld+json\" class=\"yoast-schema-graph\">{\"@context\":\"https:\/\/schema.org\",\"@graph\":[{\"@type\":\"WebPage\",\"@id\":\"https:\/\/rubis.ee\/en\/toode\/professionaalne-pintsett-classic-sa-pro-grip\/\",\"url\":\"https:\/\/rubis.ee\/en\/toode\/professionaalne-pintsett-classic-sa-pro-grip\/\",\"name\":\"Pintsett Classic SA PRO GRIP - My CMS\",\"isPartOf\":{\"@id\":\"https:\/\/rubis.ee\/en\/#website\"},\"primaryImageOfPage\":{\"@id\":\"https:\/\/rubis.ee\/en\/toode\/professionaalne-pintsett-classic-sa-pro-grip\/#primaryimage\"},\"image\":{\"@id\":\"https:\/\/rubis.ee\/en\/toode\/professionaalne-pintsett-classic-sa-pro-grip\/#primaryimage\"},\"thumbnailUrl\":\"https:\/\/rubis.ee\/wp-content\/uploads\/2023\/10\/Screenshot-2023-10-31-at-22.43.22.png\",\"datePublished\":\"2023-10-31T20:51:10+00:00\",\"dateModified\":\"2026-03-13T05:36:21+00:00\",\"description\":\"professionaalne pintsett classic sa pro grip\",\"breadcrumb\":{\"@id\":\"https:\/\/rubis.ee\/en\/toode\/professionaalne-pintsett-classic-sa-pro-grip\/#breadcrumb\"},\"inLanguage\":\"en-US\",\"potentialAction\":[{\"@type\":\"ReadAction\",\"target\":[\"https:\/\/rubis.ee\/en\/toode\/professionaalne-pintsett-classic-sa-pro-grip\/\"]}]},{\"@type\":\"ImageObject\",\"inLanguage\":\"en-US\",\"@id\":\"https:\/\/rubis.ee\/en\/toode\/professionaalne-pintsett-classic-sa-pro-grip\/#primaryimage\",\"url\":\"https:\/\/rubis.ee\/wp-content\/uploads\/2023\/10\/Screenshot-2023-10-31-at-22.43.22.png\",\"contentUrl\":\"https:\/\/rubis.ee\/wp-content\/uploads\/2023\/10\/Screenshot-2023-10-31-at-22.43.22.png\",\"width\":645,\"height\":604,\"caption\":\"professionaalne pintsett\"},{\"@type\":\"BreadcrumbList\",\"@id\":\"https:\/\/rubis.ee\/en\/toode\/professionaalne-pintsett-classic-sa-pro-grip\/#breadcrumb\",\"itemListElement\":[{\"@type\":\"ListItem\",\"position\":1,\"name\":\"Home\",\"item\":\"https:\/\/rubis.ee\/en\/\"},{\"@type\":\"ListItem\",\"position\":2,\"name\":\"Shop\",\"item\":\"https:\/\/rubis.ee\/en\/shop-2\/\"},{\"@type\":\"ListItem\",\"position\":3,\"name\":\"Pintsett Classic SA PRO GRIP\"}]},{\"@type\":\"WebSite\",\"@id\":\"https:\/\/rubis.ee\/en\/#website\",\"url\":\"https:\/\/rubis.ee\/en\/\",\"name\":\"My CMS\",\"description\":\"Just another WordPress site\",\"publisher\":{\"@id\":\"https:\/\/rubis.ee\/en\/#organization\"},\"potentialAction\":[{\"@type\":\"SearchAction\",\"target\":{\"@type\":\"EntryPoint\",\"urlTemplate\":\"https:\/\/rubis.ee\/en\/?s={search_term_string}\"},\"query-input\":\"required name=search_term_string\"}],\"inLanguage\":\"en-US\"},{\"@type\":\"Organization\",\"@id\":\"https:\/\/rubis.ee\/en\/#organization\",\"name\":\"My CMS\",\"url\":\"https:\/\/rubis.ee\/en\/\",\"logo\":{\"@type\":\"ImageObject\",\"inLanguage\":\"en-US\",\"@id\":\"https:\/\/rubis.ee\/en\/#\/schema\/logo\/image\/\",\"url\":\"https:\/\/rubis.ee\/wp-content\/uploads\/2023\/09\/logo-7.svg\",\"contentUrl\":\"https:\/\/rubis.ee\/wp-content\/uploads\/2023\/09\/logo-7.svg\",\"caption\":\"My CMS\"},\"image\":{\"@id\":\"https:\/\/rubis.ee\/en\/#\/schema\/logo\/image\/\"}}]}<\/script>\n<!-- \/ Yoast SEO plugin. -->","yoast_head_json":{"title":"Pintsett Classic SA PRO GRIP - My CMS","description":"professionaalne pintsett classic sa pro grip","robots":{"index":"index","follow":"follow","max-snippet":"max-snippet:-1","max-image-preview":"max-image-preview:large","max-video-preview":"max-video-preview:-1"},"canonical":"https:\/\/rubis.ee\/en\/toode\/professionaalne-pintsett-classic-sa-pro-grip\/","og_locale":"en_US","og_type":"article","og_title":"Pintsett Classic SA PRO GRIP - My CMS","og_description":"professionaalne pintsett classic sa pro grip","og_url":"https:\/\/rubis.ee\/en\/toode\/professionaalne-pintsett-classic-sa-pro-grip\/","og_site_name":"My CMS","article_modified_time":"2026-03-13T05:36:21+00:00","og_image":[{"width":645,"height":604,"url":"https:\/\/rubis.ee\/wp-content\/uploads\/2023\/10\/Screenshot-2023-10-31-at-22.43.22.png","type":"image\/png"}],"twitter_card":"summary_large_image","twitter_misc":{"Est. reading time":"1 minute"},"schema":{"@context":"https:\/\/schema.org","@graph":[{"@type":"WebPage","@id":"https:\/\/rubis.ee\/en\/toode\/professionaalne-pintsett-classic-sa-pro-grip\/","url":"https:\/\/rubis.ee\/en\/toode\/professionaalne-pintsett-classic-sa-pro-grip\/","name":"Pintsett Classic SA PRO GRIP - My CMS","isPartOf":{"@id":"https:\/\/rubis.ee\/en\/#website"},"primaryImageOfPage":{"@id":"https:\/\/rubis.ee\/en\/toode\/professionaalne-pintsett-classic-sa-pro-grip\/#primaryimage"},"image":{"@id":"https:\/\/rubis.ee\/en\/toode\/professionaalne-pintsett-classic-sa-pro-grip\/#primaryimage"},"thumbnailUrl":"https:\/\/rubis.ee\/wp-content\/uploads\/2023\/10\/Screenshot-2023-10-31-at-22.43.22.png","datePublished":"2023-10-31T20:51:10+00:00","dateModified":"2026-03-13T05:36:21+00:00","description":"professionaalne pintsett classic sa pro grip","breadcrumb":{"@id":"https:\/\/rubis.ee\/en\/toode\/professionaalne-pintsett-classic-sa-pro-grip\/#breadcrumb"},"inLanguage":"en-US","potentialAction":[{"@type":"ReadAction","target":["https:\/\/rubis.ee\/en\/toode\/professionaalne-pintsett-classic-sa-pro-grip\/"]}]},{"@type":"ImageObject","inLanguage":"en-US","@id":"https:\/\/rubis.ee\/en\/toode\/professionaalne-pintsett-classic-sa-pro-grip\/#primaryimage","url":"https:\/\/rubis.ee\/wp-content\/uploads\/2023\/10\/Screenshot-2023-10-31-at-22.43.22.png","contentUrl":"https:\/\/rubis.ee\/wp-content\/uploads\/2023\/10\/Screenshot-2023-10-31-at-22.43.22.png","width":645,"height":604,"caption":"professionaalne pintsett"},{"@type":"BreadcrumbList","@id":"https:\/\/rubis.ee\/en\/toode\/professionaalne-pintsett-classic-sa-pro-grip\/#breadcrumb","itemListElement":[{"@type":"ListItem","position":1,"name":"Home","item":"https:\/\/rubis.ee\/en\/"},{"@type":"ListItem","position":2,"name":"Shop","item":"https:\/\/rubis.ee\/en\/shop-2\/"},{"@type":"ListItem","position":3,"name":"Pintsett Classic SA PRO GRIP"}]},{"@type":"WebSite","@id":"https:\/\/rubis.ee\/en\/#website","url":"https:\/\/rubis.ee\/en\/","name":"My CMS","description":"Just another WordPress site","publisher":{"@id":"https:\/\/rubis.ee\/en\/#organization"},"potentialAction":[{"@type":"SearchAction","target":{"@type":"EntryPoint","urlTemplate":"https:\/\/rubis.ee\/en\/?s={search_term_string}"},"query-input":"required name=search_term_string"}],"inLanguage":"en-US"},{"@type":"Organization","@id":"https:\/\/rubis.ee\/en\/#organization","name":"My CMS","url":"https:\/\/rubis.ee\/en\/","logo":{"@type":"ImageObject","inLanguage":"en-US","@id":"https:\/\/rubis.ee\/en\/#\/schema\/logo\/image\/","url":"https:\/\/rubis.ee\/wp-content\/uploads\/2023\/09\/logo-7.svg","contentUrl":"https:\/\/rubis.ee\/wp-content\/uploads\/2023\/09\/logo-7.svg","caption":"My CMS"},"image":{"@id":"https:\/\/rubis.ee\/en\/#\/schema\/logo\/image\/"}}]}},"_links":{"self":[{"href":"https:\/\/rubis.ee\/en\/wp-json\/wp\/v2\/product\/88600"}],"collection":[{"href":"https:\/\/rubis.ee\/en\/wp-json\/wp\/v2\/product"}],"about":[{"href":"https:\/\/rubis.ee\/en\/wp-json\/wp\/v2\/types\/product"}],"replies":[{"embeddable":true,"href":"https:\/\/rubis.ee\/en\/wp-json\/wp\/v2\/comments?post=88600"}],"wp:featuredmedia":[{"embeddable":true,"href":"https:\/\/rubis.ee\/en\/wp-json\/wp\/v2\/media\/88601"}],"wp:attachment":[{"href":"https:\/\/rubis.ee\/en\/wp-json\/wp\/v2\/media?parent=88600"}],"wp:term":[{"taxonomy":"product_cat","embeddable":true,"href":"https:\/\/rubis.ee\/en\/wp-json\/wp\/v2\/product_cat?post=88600"},{"taxonomy":"product_tag","embeddable":true,"href":"https:\/\/rubis.ee\/en\/wp-json\/wp\/v2\/product_tag?post=88600"}],"curies":[{"name":"wp","href":"https:\/\/api.w.org\/{rel}","templated":true}]}}